{"id":1303,"date":"2020-09-08T15:55:52","date_gmt":"2020-09-08T15:55:52","guid":{"rendered":"http:\/\/demosdivi.lovelyconfetti.com\/meryl\/?page_id=102"},"modified":"2024-03-21T15:44:40","modified_gmt":"2024-03-21T14:44:40","slug":"home-4","status":"publish","type":"page","link":"https:\/\/helenecourtonne.fr\/?page_id=1303","title":{"rendered":"S\u00e9ance Grossesse"},"content":{"rendered":"\n[et_pb_section fb_built=&#8221;1&#8243; module_class=&#8221;meryl_light_background&#8221; _builder_version=&#8221;4.16&#8243; _module_preset=&#8221;default&#8221; background_color=&#8221;#faf4f0&#8243; global_colors_info=&#8221;{}&#8221;][et_pb_row _builder_version=&#8221;4.20.2&#8243; _module_preset=&#8221;default&#8221; global_colors_info=&#8221;{}&#8221;][et_pb_column type=&#8221;4_4&#8243; _builder_version=&#8221;4.20.2&#8243; _module_preset=&#8221;default&#8221; global_colors_info=&#8221;{}&#8221;][et_pb_text _builder_version=&#8221;4.20.2&#8243; _module_preset=&#8221;default&#8221; header_2_text_align=&#8221;center&#8221; header_2_font_size=&#8221;50px&#8221; text_font_tablet=&#8221;&#8221; text_font_phone=&#8221;&#8221; text_font_last_edited=&#8221;on|phone&#8221; header_2_font_size_tablet=&#8221;40px&#8221; header_2_font_size_phone=&#8221;35px&#8221; header_2_font_size_last_edited=&#8221;on|phone&#8221; global_colors_info=&#8221;{}&#8221;]<h2><span style=\"font-family: 'Modernline'; font-weight: normal; color: #a97e61; font-size: 60px;\">S\u00e9ance Grossesse<\/span><\/h2>[\/et_pb_text][\/et_pb_column][\/et_pb_row][et_pb_row column_structure=&#8221;1_3,1_3,1_3&#8243; use_custom_gutter=&#8221;on&#8221; make_equal=&#8221;on&#8221; _builder_version=&#8221;4.17.4&#8243; _module_preset=&#8221;default&#8221; global_colors_info=&#8221;{}&#8221;][et_pb_column type=&#8221;1_3&#8243; _builder_version=&#8221;4.17.4&#8243; _module_preset=&#8221;default&#8221; custom_css_main_element=&#8221;display: flex;||flex-direction: column;||justify-content: center;&#8221; global_colors_info=&#8221;{}&#8221;][et_pb_cta title=&#8221;Une parenth\u00e8se de tendresse avant la grande  rencontre&#8221; button_url=&#8221;https:\/\/helenecourtonne.fr\/?page_id=1299&#8243; button_text=&#8221;R\u00c9SERVER MA S\u00c9ANCE GROSSESSE&#8221; admin_label=&#8221;Heading, Subheading &#038; CTA Button&#8221; _builder_version=&#8221;4.20.2&#8243; header_level=&#8221;h1&#8243; header_text_align=&#8221;left&#8221; header_font_size=&#8221;60px&#8221; header_line_height=&#8221;1.2em&#8221; body_text_align=&#8221;left&#8221; body_line_height=&#8221;1.8em&#8221; use_background_color=&#8221;off&#8221; button_alignment=&#8221;left&#8221; background_layout=&#8221;light&#8221; custom_margin=&#8221;||||false|false&#8221; custom_margin_tablet=&#8221;3vw||3vw|&#8221; custom_margin_phone=&#8221;|||&#8221; custom_margin_last_edited=&#8221;on|desktop&#8221; animation_style=&#8221;fade&#8221; hover_enabled=&#8221;0&#8243; header_text_align_tablet=&#8221;center&#8221; header_text_align_phone=&#8221;&#8221; header_text_align_last_edited=&#8221;on|tablet&#8221; header_font_size_tablet=&#8221;&#8221; header_font_size_phone=&#8221;50px&#8221; header_font_size_last_edited=&#8221;on|phone&#8221; button_alignment_tablet=&#8221;center&#8221; button_alignment_phone=&#8221;&#8221; button_alignment_last_edited=&#8221;on|tablet&#8221; text_orientation_tablet=&#8221;center&#8221; text_orientation_phone=&#8221;&#8221; text_orientation_last_edited=&#8221;on|tablet&#8221; button_border_radius_hover=&#8221;0px&#8221; global_colors_info=&#8221;{}&#8221; button_text_size__hover_enabled=&#8221;off&#8221; button_one_text_size__hover_enabled=&#8221;off&#8221; button_two_text_size__hover_enabled=&#8221;off&#8221; button_text_color__hover_enabled=&#8221;off&#8221; button_one_text_color__hover_enabled=&#8221;off&#8221; button_two_text_color__hover_enabled=&#8221;off&#8221; button_border_width__hover_enabled=&#8221;off&#8221; button_one_border_width__hover_enabled=&#8221;off&#8221; button_two_border_width__hover_enabled=&#8221;off&#8221; button_border_color__hover_enabled=&#8221;off&#8221; button_one_border_color__hover_enabled=&#8221;off&#8221; button_two_border_color__hover_enabled=&#8221;off&#8221; button_border_radius__hover_enabled=&#8221;on&#8221; button_border_radius__hover=&#8221;0px&#8221; button_one_border_radius__hover_enabled=&#8221;off&#8221; button_two_border_radius__hover_enabled=&#8221;off&#8221; button_letter_spacing__hover_enabled=&#8221;off&#8221; button_one_letter_spacing__hover_enabled=&#8221;off&#8221; button_two_letter_spacing__hover_enabled=&#8221;off&#8221; button_bg_color__hover_enabled=&#8221;off&#8221; button_one_bg_color__hover_enabled=&#8221;off&#8221; button_two_bg_color__hover_enabled=&#8221;off&#8221; sticky_enabled=&#8221;0&#8243;]<p>La grossesse est une p\u00e9riode si particuli\u00e8re\u2026 Un m\u00e9lange d\u2019\u00e9motions aussi ambivalentes qu\u2019intenses mais surtout une exp\u00e9rience de vie incomparable qui est chaque fois unique.<\/p>\n<p>Quoi de mieux que de pouvoir se replonger dans ses souvenirs \u00e0 chaque fois que vous poserez les yeux sur vos photos ?<\/p>[\/et_pb_cta][\/et_pb_column][et_pb_column type=&#8221;1_3&#8243; _builder_version=&#8221;4.16&#8243; _module_preset=&#8221;default&#8221; global_colors_info=&#8221;{}&#8221;][et_pb_image src=&#8221;https:\/\/helenecourtonne.fr\/wp-content\/uploads\/2024\/02\/Helene-Courtonne-MA-Grossesse-25-scaled.jpg&#8221; title_text=&#8221;Helene Courtonne &#8211; M&#038;A Grossesse-25&#8243; _builder_version=&#8221;4.20.2&#8243; _module_preset=&#8221;default&#8221; custom_margin=&#8221;19%||||false|false&#8221; global_colors_info=&#8221;{}&#8221;][\/et_pb_image][et_pb_image src=&#8221;https:\/\/helenecourtonne.fr\/wp-content\/uploads\/2024\/01\/Helene-Courtonne-Photographie-Grossesse-CK-25-scaled.jpg&#8221; title_text=&#8221;Helene Courtonne Photographie &#8211; Grossesse C&#038;K-25&#8243; _builder_version=&#8221;4.20.2&#8243; _module_preset=&#8221;default&#8221; custom_margin=&#8221;-99%|-25%||35%|false|false&#8221; custom_margin_tablet=&#8221;0%|0%||0%|false|false&#8221; custom_margin_phone=&#8221;&#8221; custom_margin_last_edited=&#8221;on|tablet&#8221; border_width_all=&#8221;15px&#8221; border_color_all=&#8221;#ffffff&#8221; global_colors_info=&#8221;{}&#8221;][\/et_pb_image][\/et_pb_column][et_pb_column type=&#8221;1_3&#8243; _builder_version=&#8221;4.16&#8243; _module_preset=&#8221;default&#8221; global_colors_info=&#8221;{}&#8221;][et_pb_image src=&#8221;https:\/\/helenecourtonne.fr\/wp-content\/uploads\/2024\/01\/Helene-Courtonne-Photographie-CC-Seance-Grossesse-31-scaled.jpg&#8221; title_text=&#8221;Helene Courtonne Photographie &#8211; C&#038;C S\u00e9ance Grossesse-31&#8243; _builder_version=&#8221;4.20.2&#8243; _module_preset=&#8221;default&#8221; global_colors_info=&#8221;{}&#8221;][\/et_pb_image][\/et_pb_column][\/et_pb_row][\/et_pb_section][et_pb_section fb_built=&#8221;1&#8243; admin_label=&#8221;Playful Content Module &#8211; BG Image 1900 x 906 pixels&#8221; module_class=&#8221;pegasus-content15&#8243; _builder_version=&#8221;4.20.2&#8243; use_background_color_gradient=&#8221;on&#8221; background_color_gradient_stops=&#8221;rgba(255,255,255,0.91) 0%|rgba(255,255,255,0.91) 100%&#8221; background_color_gradient_overlays_image=&#8221;on&#8221; background_color_gradient_start=&#8221;rgba(255,255,255,0.91)&#8221; background_color_gradient_end=&#8221;rgba(255,255,255,0.91)&#8221; background_image=&#8221;https:\/\/helenecourtonne.fr\/wp-content\/uploads\/2020\/09\/Flower01.png&#8221; background_size=&#8221;contain&#8221; custom_margin=&#8221;3%||3%||true|false&#8221; collapsed=&#8221;off&#8221; global_colors_info=&#8221;{}&#8221;][et_pb_row column_structure=&#8221;1_2,1_2&#8243; use_custom_gutter=&#8221;on&#8221; make_equal=&#8221;on&#8221; admin_label=&#8221;Playful Content Module&#8221; _builder_version=&#8221;4.20.2&#8243; background_size=&#8221;initial&#8221; background_position=&#8221;top_left&#8221; background_repeat=&#8221;repeat&#8221; custom_padding=&#8221;|||&#8221; use_custom_width=&#8221;on&#8221; custom_width_px=&#8221;1520px&#8221; collapsed=&#8221;off&#8221; global_colors_info=&#8221;{}&#8221;][et_pb_column type=&#8221;1_2&#8243; _builder_version=&#8221;4.20.2&#8243; custom_padding=&#8221;||||false|false&#8221; custom_css_main_element=&#8221; z-index: 11;||display: flex;||flex-direction: column;||justify-content: center;&#8221; global_colors_info=&#8221;{}&#8221; custom_padding__hover=&#8221;|||&#8221;][et_pb_text admin_label=&#8221;Title&#8221; _builder_version=&#8221;4.20.2&#8243; text_font=&#8221;Muli|600|||||||&#8221; text_font_size=&#8221;18px&#8221; text_line_height=&#8221;1.8em&#8221; header_font=&#8221;||||||||&#8221; header_font_size=&#8221;29px&#8221; header_2_font_size=&#8221;52px&#8221; header_2_line_height=&#8221;1.1em&#8221; z_index=&#8221;999&#8243; max_width_last_edited=&#8221;off|desktop&#8221; custom_margin=&#8221;|-211px|||false|false&#8221; custom_margin_tablet=&#8221;0px|0px||0px|false|false&#8221; custom_margin_phone=&#8221;&#8221; custom_margin_last_edited=&#8221;on|tablet&#8221; custom_padding=&#8221;||||false|false&#8221; custom_padding_last_edited=&#8221;off|desktop&#8221; header_2_text_align_tablet=&#8221;center&#8221; header_2_text_align_phone=&#8221;&#8221; header_2_text_align_last_edited=&#8221;on|phone&#8221; header_2_font_size_tablet=&#8221;40px&#8221; header_2_font_size_phone=&#8221;40px&#8221; header_2_font_size_last_edited=&#8221;on|phone&#8221; global_colors_info=&#8221;{}&#8221;]<h2><span style=\"font-family: 'Modernline'; font-weight: normal; color: #a97e61; font-size: 60px;\">S\u00e9ance Grossesse<\/span><\/h2>[\/et_pb_text][et_pb_text admin_label=&#8221;Paragraph&#8221; _builder_version=&#8221;4.20.2&#8243; text_line_height=&#8221;1.8em&#8221; header_font=&#8221;||||||||&#8221; header_2_font=&#8221;Muli|700|||||||&#8221; header_2_font_size=&#8221;50px&#8221; header_2_line_height=&#8221;1.4em&#8221; text_orientation=&#8221;justified&#8221; max_width_last_edited=&#8221;off|desktop&#8221; module_alignment=&#8221;right&#8221; custom_margin=&#8221;|||&#8221; custom_padding=&#8221;|||&#8221; custom_padding_tablet=&#8221;30px|0px|30px|0px&#8221; custom_padding_phone=&#8221;&#8221; custom_padding_last_edited=&#8221;on|tablet&#8221; global_colors_info=&#8221;{}&#8221;]<p><!-- divi:paragraph --><\/p>\n<p>La \u00ab\u00a0<em>S\u00e9ance Grossesse<\/em>\u00a0\u00bb est aussi l\u2019occasion r\u00eav\u00e9e de partager un moment de connexion avec le deuxi\u00e8me parent de votre b\u00e9b\u00e9 pour qui les choses sont encore un peu plus abstraites puisque ce petit bout de chou ne grandi pas en lui.\u00a0<\/p>\n<p><!-- \/divi:paragraph --> <!-- divi:paragraph --><\/p>\n<p>Offrez-vous un moment pr\u00e9cieux de complicit\u00e9 avant la grande \u00e9tape qui arrive en devenant parents.<\/p>\n<p><!-- \/divi:paragraph --> <!-- divi:paragraph --><\/p>\n<p>Si vous avez d\u00e9j\u00e0 des enfants, c\u2019est aussi une belle opportunit\u00e9 pour r\u00e9unir la famille et leur montrer qu\u2019ils font partie int\u00e9grante de ce merveilleux projet et qu\u2019ils puissent apprivoiser leur nouveau r\u00f4le de \u00ab\u00a0<em>grand<\/em>\u00a0\u00bb en se sentant mis en valeur.<\/p>\n<p><!-- \/divi:paragraph --> <!-- divi:paragraph --><\/p>\n<p>La \u00ab\u00a0<em>S\u00e9ance Grossesse<\/em>\u00a0\u00bb peut se d\u00e9rouler en int\u00e9rieur comme en ext\u00e9rieur sous forme d\u2019une s\u00e9ance d\u2019une heure de prises de vues.<\/p>\n<p><!-- \/divi:paragraph --> <!-- divi:paragraph --><\/p>\n<p>J\u2019avoue avoir un faible pour les s\u00e9ances en ext\u00e9rieur, dans un lieu qui compte pour vous, que nous aurons choisi ensemble en amont. Ainsi c\u2019est la plus belle fa\u00e7on de personnaliser encore plus votre s\u00e9ance et vos souvenirs n\u2019en seront que plus riches.<\/p>\n<p><!-- \/divi:paragraph --> <!-- divi:paragraph --><\/p>\n<p>Nous mettrons en valeur la (future) maman en mettant en lumi\u00e8re ce petit miracle de la mani\u00e8re la plus douce tout en prenant soin de vous et en laissant l\u2019amour qui vous uni ajouter la touche de magie qui rendra vos photos uniques, comme vous l\u2019\u00eates.<\/p>\n<p><!-- \/divi:paragraph --> <!-- divi:paragraph --><\/p>\n<p>Le jour de votre \u00ab\u00a0<em>S\u00e9ance Grossesse<\/em>\u00a0\u00bb privil\u00e9giez des tenues unies et dans des teintes accord\u00e9es pour les diff\u00e9rents participants \u00e0 la s\u00e9ance photos.\u00a0 L\u2019essentiel \u00e9tant que vous vous sentiez bien et \u00e0 l\u2019aise dans ce que vous portez. Des couleurs harmonis\u00e9es et claires vous permettront de profiter de vos images de mani\u00e8re optimale et intemporelle.\u00a0 \u00a0<\/p>\n<p><!-- \/divi:paragraph --><\/p>[\/et_pb_text][\/et_pb_column][et_pb_column type=&#8221;1_2&#8243; _builder_version=&#8221;4.16&#8243; custom_padding=&#8221;|||&#8221; global_colors_info=&#8221;{}&#8221; custom_padding__hover=&#8221;|||&#8221;][et_pb_image src=&#8221;https:\/\/helenecourtonne.fr\/wp-content\/uploads\/2024\/02\/Helene-Courtonne-Photographie-Grossesse-S-R-8-scaled.jpg&#8221; title_text=&#8221;Helene Courtonne Photographie &#8211; Grossesse S &#038; R-8&#8243; _builder_version=&#8221;4.20.2&#8243; _module_preset=&#8221;default&#8221; global_colors_info=&#8221;{}&#8221;][\/et_pb_image][et_pb_text admin_label=&#8221;Paragraph&#8221; _builder_version=&#8221;4.20.2&#8243; text_line_height=&#8221;1.8em&#8221; header_font=&#8221;||||||||&#8221; header_2_font=&#8221;Muli|700|||||||&#8221; header_2_font_size=&#8221;50px&#8221; header_2_line_height=&#8221;1.4em&#8221; text_orientation=&#8221;justified&#8221; max_width_last_edited=&#8221;off|desktop&#8221; module_alignment=&#8221;right&#8221; custom_margin=&#8221;|||&#8221; custom_padding=&#8221;|||&#8221; custom_padding_tablet=&#8221;30px|0px|30px|0px&#8221; custom_padding_phone=&#8221;&#8221; custom_padding_last_edited=&#8221;on|tablet&#8221; global_colors_info=&#8221;{}&#8221;]<p><!-- divi:paragraph --><\/p>\n<p><strong>Quand et comment r\u00e9server<\/strong> ?<\/p>\n<p><!-- \/divi:paragraph --> <!-- divi:paragraph --><\/p>\n<p>Il est important de ne pas trop tarder pour r\u00e9server votre \u00ab<em>\u00a0S\u00e9ance Grossesse<\/em>\u00a0\u00bb car cette p\u00e9riode r\u00e9serve parfois des petites surprises et le terme approchant il peut devenir de moins en moins confortable pour vous de rester debout ou encore de marcher\u2026<\/p>\n<p><!-- \/divi:paragraph --> <!-- divi:paragraph --><\/p>\n<p>Le moment id\u00e9al pour r\u00e9aliser votre \u00ab\u00a0<em>S\u00e9ance Grossesse<\/em>\u00a0\u00bb se situe autour du 6<sup>\u00e8me<\/sup> et du 7<sup>\u00e8me <\/sup>mois de grossesse. Car vos jolies formes de femme enceinte sont maintenant apparues et c\u2019est la plupart du temps la p\u00e9riode o\u00f9 l\u2019on se sent le mieux dans son corps (les d\u00e9sagr\u00e9ments du premier trimestre \u00e9tant derri\u00e8re nous).<\/p>\n<p><!-- \/divi:paragraph --> <!-- divi:paragraph --><\/p>\n<p>C\u2019est pourquoi, il est important de penser \u00e0 me contacter d\u00e8s votre 4<sup>\u00e8me<\/sup> ou 5<sup>\u00e8me <\/sup>mois de grossesse pour que nous puissions planifier ensemble votre \u00ab\u00a0<em>S\u00e9ance Grossesse<\/em>\u00a0\u00bb selon vos envies et nos disponibilit\u00e9s respectives.<\/p>\n<p><!-- \/divi:paragraph --><\/p>[\/et_pb_text][\/et_pb_column][\/et_pb_row][et_pb_row _builder_version=&#8221;4.20.2&#8243; _module_preset=&#8221;default&#8221; global_colors_info=&#8221;{}&#8221;][et_pb_column type=&#8221;4_4&#8243; _builder_version=&#8221;4.20.2&#8243; _module_preset=&#8221;default&#8221; global_colors_info=&#8221;{}&#8221;][et_pb_button button_text=&#8221;TARIF S\u00c9ANCE GROSSESSE : 250\u20ac&#8221; _builder_version=&#8221;4.20.2&#8243; _module_preset=&#8221;default&#8221; hover_enabled=&#8221;0&#8243; global_colors_info=&#8221;{}&#8221; button_url=&#8221;https:\/\/helenecourtonne.fr\/?page_id=1299&#8243; sticky_enabled=&#8221;0&#8243;][\/et_pb_button][\/et_pb_column][\/et_pb_row][et_pb_row _builder_version=&#8221;4.20.2&#8243; _module_preset=&#8221;default&#8221; global_colors_info=&#8221;{}&#8221;][et_pb_column type=&#8221;4_4&#8243; _builder_version=&#8221;4.20.2&#8243; _module_preset=&#8221;default&#8221; global_colors_info=&#8221;{}&#8221;][et_pb_text _builder_version=&#8221;4.20.2&#8243; _module_preset=&#8221;default&#8221; hover_enabled=&#8221;0&#8243; global_colors_info=&#8221;{}&#8221; sticky_enabled=&#8221;0&#8243;]<p><!-- divi:paragraph --><\/p>\n<h2><span style=\"font-family: 'Modernline'; font-weight: normal; color: #a97e61; font-size: 60px;\"><\/span><\/h2>\n<h2><span style=\"font-family: 'Modernline'; font-weight: normal; color: #a97e61; font-size: 60px;\"><\/span><\/h2>\n<h2><span style=\"font-family: 'Modernline'; font-weight: normal; color: #a97e61; font-size: 60px;\"><\/span><\/h2>\n<h2><span style=\"font-family: 'Modernline'; font-weight: normal; color: #a97e61; font-size: 60px;\"><\/span><\/h2>\n<h2><span style=\"font-family: 'Modernline'; font-weight: normal; color: #a97e61; font-size: 60px;\">Collection Naissance<\/span><\/h2>\n<p><strong><\/strong><\/p>\n<p><span style=\"color: #800000;\"><strong>S\u00c9ANCE GROSSESSE + S\u00c9ANCE NOUVEAU-N\u00c9 = COLLECTION NAISSANCE<\/strong><\/span><\/p>\n<p>Pour ceux qui veulent ch\u00e9rir le maximum de souvenirs de ces merveilleux moments.<\/p>\n<p>\u00a0<!-- \/divi:paragraph --><!-- divi:paragraph --><!-- \/divi:paragraph --><!-- divi:paragraph -->R\u00e9servez en m\u00eame temps votre \u00ab\u00a0<strong><em>S\u00e9ance Grossesse<\/em><\/strong>\u00a0\u00bb\u00a0 ainsi que votre \u00ab\u00a0<strong><em>S\u00e9ance Nouveau-N\u00e9<\/em><\/strong> \u00bb pour me laisser prendre soin d\u2019immortaliser ces pr\u00e9cieux \u00e9v\u00e8nements et b\u00e9n\u00e9ficier d\u2019un tarif pr\u00e9f\u00e9rentiel sur vos s\u00e9ances (Par rapport au pris unitaire de chaque s\u00e9ance).<\/p>\n<p>\u00a0Possibilit\u00e9 de r\u00e9aliser un \u00ab <strong><em>Bon Cadeau<\/em><\/strong>\u00a0\u00bb \u00e0 offrir aux parents comme cadeau de naissance, en pensant \u00e0 anticiper le moment de la future prise de vues que j\u2019organiserai ensuite avec les parents.<\/p>\n<p><!-- \/divi:paragraph --><\/p>[\/et_pb_text][et_pb_button button_text=&#8221;TARIF %22COLLECTion naissance %22 : 400\u20ac&#8221; _builder_version=&#8221;4.20.2&#8243; _module_preset=&#8221;default&#8221; hover_enabled=&#8221;0&#8243; global_colors_info=&#8221;{}&#8221; button_url=&#8221;https:\/\/helenecourtonne.fr\/?page_id=1299&#8243; sticky_enabled=&#8221;0&#8243;][\/et_pb_button][\/et_pb_column][\/et_pb_row][\/et_pb_section]\n","protected":false},"excerpt":{"rendered":"<p>S\u00e9ance GrossesseLa grossesse est une p\u00e9riode si particuli\u00e8re\u2026 Un m\u00e9lange d\u2019\u00e9motions aussi ambivalentes qu\u2019intenses mais surtout une exp\u00e9rience de vie incomparable qui est chaque fois unique. Quoi de mieux que de pouvoir se replonger dans ses souvenirs \u00e0 chaque fois que vous poserez les yeux sur vos photos ?S\u00e9ance Grossesse La \u00ab\u00a0S\u00e9ance Grossesse\u00a0\u00bb est aussi [&hellip;]<\/p>\n","protected":false},"author":1,"featured_media":0,"parent":0,"menu_order":0,"comment_status":"closed","ping_status":"closed","template":"","meta":{"_et_pb_use_builder":"on","_et_pb_old_content":"","_et_gb_content_width":"","_monsterinsights_skip_tracking":false,"_monsterinsights_sitenote_active":false,"_monsterinsights_sitenote_note":"","_monsterinsights_sitenote_category":0,"footnotes":""},"class_list":["post-1303","page","type-page","status-publish","hentry"],"aioseo_notices":[],"_links":{"self":[{"href":"https:\/\/helenecourtonne.fr\/index.php?rest_route=\/wp\/v2\/pages\/1303","targetHints":{"allow":["GET"]}}],"collection":[{"href":"https:\/\/helenecourtonne.fr\/index.php?rest_route=\/wp\/v2\/pages"}],"about":[{"href":"https:\/\/helenecourtonne.fr\/index.php?rest_route=\/wp\/v2\/types\/page"}],"author":[{"embeddable":true,"href":"https:\/\/helenecourtonne.fr\/index.php?rest_route=\/wp\/v2\/users\/1"}],"replies":[{"embeddable":true,"href":"https:\/\/helenecourtonne.fr\/index.php?rest_route=%2Fwp%2Fv2%2Fcomments&post=1303"}],"version-history":[{"count":14,"href":"https:\/\/helenecourtonne.fr\/index.php?rest_route=\/wp\/v2\/pages\/1303\/revisions"}],"predecessor-version":[{"id":1726,"href":"https:\/\/helenecourtonne.fr\/index.php?rest_route=\/wp\/v2\/pages\/1303\/revisions\/1726"}],"wp:attachment":[{"href":"https:\/\/helenecourtonne.fr\/index.php?rest_route=%2Fwp%2Fv2%2Fmedia&parent=1303"}],"curies":[{"name":"wp","href":"https:\/\/api.w.org\/{rel}","templated":true}]}}