{"id":1305,"date":"2020-09-08T17:11:53","date_gmt":"2020-09-08T17:11:53","guid":{"rendered":"http:\/\/demosdivi.lovelyconfetti.com\/meryl\/?page_id=116"},"modified":"2024-03-21T09:39:07","modified_gmt":"2024-03-21T08:39:07","slug":"galleries","status":"publish","type":"page","link":"https:\/\/helenecourtonne.fr\/?page_id=1305","title":{"rendered":"Collection Naissance"},"content":{"rendered":"\n[et_pb_section fb_built=&#8221;1&#8243; fullwidth=&#8221;on&#8221; _builder_version=&#8221;4.16&#8243; _module_preset=&#8221;default&#8221; bottom_divider_style=&#8221;triangle&#8221; bottom_divider_color=&#8221;#ffffff&#8221; bottom_divider_height=&#8221;50px&#8221; bottom_divider_height_tablet=&#8221;35px&#8221; bottom_divider_height_phone=&#8221;25px&#8221; bottom_divider_height_last_edited=&#8221;on|phone&#8221; global_colors_info=&#8221;{}&#8221;][et_pb_fullwidth_header text_orientation=&#8221;center&#8221; _builder_version=&#8221;4.20.2&#8243; _module_preset=&#8221;default&#8221; title_font_size=&#8221;40px&#8221; subhead_font=&#8221;||||||||&#8221; subhead_text_align=&#8221;center&#8221; subhead_letter_spacing=&#8221;1px&#8221; subhead_line_height=&#8221;1.1em&#8221; background_color=&#8221;#A97E61&#8243; background_enable_image=&#8221;off&#8221; background_blend=&#8221;multiply&#8221; custom_margin=&#8221;||||false|false&#8221; custom_padding=&#8221;4%||4%||true|false&#8221; hover_enabled=&#8221;0&#8243; global_colors_info=&#8221;{}&#8221; sticky_enabled=&#8221;0&#8243;]<h2><span style=\"font-family: Modernline; font-weight: normal; color: #ffffff; font-size: 60px;\">Collection Naissance<\/span><\/h2>\n<p class=\"se-t sie-header_17-text st-m-heading st-d-heading se-rc\" style=\"text-align: center;\">Plusieurs s\u00e9ances disponibles pour r\u00e9pondre \u00e0 vos envies<\/p>[\/et_pb_fullwidth_header][\/et_pb_section][et_pb_section fb_built=&#8221;1&#8243; admin_label=&#8221;Gallery&#8221; _builder_version=&#8221;4.16&#8243; background_color=&#8221;#faf4f0&#8243; use_background_color_gradient=&#8221;on&#8221; background_color_gradient_stops=&#8221;rgba(255,255,255,0.9) 0%|rgba(255,255,255,0.9) 100%&#8221; background_color_gradient_overlays_image=&#8221;on&#8221; background_color_gradient_start=&#8221;rgba(255,255,255,0.9)&#8221; background_color_gradient_end=&#8221;rgba(255,255,255,0.9)&#8221; background_image=&#8221;https:\/\/helenecourtonne.fr\/wp-content\/uploads\/2020\/09\/Flower01.png&#8221; background_size=&#8221;contain&#8221; custom_margin=&#8221;3%||3%||true|false&#8221; custom_padding=&#8221;||||true|false&#8221; saved_tabs=&#8221;all&#8221; locked=&#8221;off&#8221; global_colors_info=&#8221;{}&#8221;][et_pb_row column_structure=&#8221;3_5,2_5&#8243; _builder_version=&#8221;4.16&#8243; custom_padding=&#8221;0px||||false|false&#8221; global_colors_info=&#8221;{}&#8221;][et_pb_column type=&#8221;3_5&#8243; _builder_version=&#8221;4.16&#8243; global_colors_info=&#8221;{}&#8221;][et_pb_image src=&#8221;https:\/\/helenecourtonne.fr\/wp-content\/uploads\/2024\/02\/Helene-Courtonne-Photographie-Faustine-32-scaled.jpg&#8221; title_text=&#8221;Helene Courtonne Photographie &#8211; newborn&#8221; _builder_version=&#8221;4.20.2&#8243; max_height_tablet=&#8221;400px&#8221; max_height_phone=&#8221;&#8221; max_height_last_edited=&#8221;on|tablet&#8221; global_colors_info=&#8221;{}&#8221;][\/et_pb_image][\/et_pb_column][et_pb_column type=&#8221;2_5&#8243; _builder_version=&#8221;4.16&#8243; custom_padding=&#8221;100px||||false|false&#8221; custom_padding_tablet=&#8221;30px||||false|false&#8221; custom_padding_phone=&#8221;0px||||false|false&#8221; custom_padding_last_edited=&#8221;on|phone&#8221; global_colors_info=&#8221;{}&#8221;][et_pb_text _builder_version=&#8221;4.20.2&#8243; _module_preset=&#8221;default&#8221; text_font_size=&#8221;17px&#8221; header_text_align=&#8221;center&#8221; header_2_text_align=&#8221;center&#8221; header_2_font_size=&#8221;51px&#8221; text_orientation=&#8221;center&#8221; hover_enabled=&#8221;0&#8243; global_colors_info=&#8221;{}&#8221; sticky_enabled=&#8221;0&#8243;]<h2><span style=\"font-family: 'Modernline'; font-weight: normal; color: #a97e61; font-size: 60px;\">Collection Naissance<\/span><\/h2>\n<p class=\"se-t sie-header_17-text st-m-heading st-d-heading se-rc\" style=\"text-align: justify;\"><span>Des s\u00e9ances pour chaque \u00e9tape de ce merveilleux \u00e9v\u00e8nement qu&#8217;est l&#8217;arriv\u00e9e d&#8217;un b\u00e9b\u00e9.<\/span><\/p>\n<p class=\"se-t sie-header_17-text st-m-heading st-d-heading se-rc\" style=\"text-align: justify;\"><span>De la grossesse aux premi\u00e8res semaines de votre bout de chou, pour un maximum d&#8217;images qui accompagneront vos souvenirs pour toujours.<\/span><\/p>[\/et_pb_text][et_pb_button button_url=&#8221;https:\/\/helenecourtonne.fr\/?page_id=1303&#8243; button_text=&#8221;S\u00e9ance Grossesse&#8221; button_alignment=&#8221;center&#8221; _builder_version=&#8221;4.20.2&#8243; _module_preset=&#8221;default&#8221; custom_padding=&#8221;3%||3%||true|true&#8221; custom_css_main_element=&#8221;width: 100%;&#8221; global_colors_info=&#8221;{}&#8221;][\/et_pb_button][et_pb_button button_url=&#8221;https:\/\/helenecourtonne.fr\/?page_id=1443&#8243; button_text=&#8221;S\u00e9ance Nouveau-N\u00e9&#8221; button_alignment=&#8221;center&#8221; _builder_version=&#8221;4.20.2&#8243; _module_preset=&#8221;default&#8221; custom_padding=&#8221;3%|30%|3%|30%|true|true&#8221; custom_css_main_element=&#8221;width: 100%;&#8221; global_colors_info=&#8221;{}&#8221;][\/et_pb_button][et_pb_image src=&#8221;https:\/\/helenecourtonne.fr\/wp-content\/uploads\/2024\/01\/Helene-Courtonne-Photographie-Grossesse-CK-25-scaled.jpg&#8221; title_text=&#8221;Helene Courtonne Photographie &#8211; Grossesse&#8221; _builder_version=&#8221;4.20.2&#8243; width_tablet=&#8221;100%&#8221; width_phone=&#8221;100%&#8221; width_last_edited=&#8221;on|phone&#8221; max_width_tablet=&#8221;400px&#8221; max_width_phone=&#8221;250px&#8221; max_width_last_edited=&#8221;off|desktop&#8221; custom_margin=&#8221;12%||||false|false&#8221; custom_margin_tablet=&#8221;|||0px|false|false&#8221; custom_margin_phone=&#8221;&#8221; custom_margin_last_edited=&#8221;on|tablet&#8221; locked=&#8221;off&#8221; global_colors_info=&#8221;{}&#8221;][\/et_pb_image][et_pb_image src=&#8221;https:\/\/helenecourtonne.fr\/wp-content\/uploads\/2024\/02\/Helene-Courtonne-Photographie-Mael-11-1-scaled.jpg&#8221; title_text=&#8221;Helene Courtonne Photographie &#8211; Mael-11&#8243; align_tablet=&#8221;left&#8221; align_last_edited=&#8221;off|desktop&#8221; _builder_version=&#8221;4.20.2&#8243; width=&#8221;380px&#8221; custom_margin=&#8221;-85%|||-56%|false|false&#8221; custom_margin_tablet=&#8221;0vw|||0%|false|false&#8221; custom_margin_phone=&#8221;&#8221; custom_margin_last_edited=&#8221;on|phone&#8221; hover_enabled=&#8221;0&#8243; border_width_all=&#8221;20px&#8221; border_color_all=&#8221;#ffffff&#8221; border_width_all_tablet=&#8221;0px&#8221; border_width_all_phone=&#8221;&#8221; border_width_all_last_edited=&#8221;on|phone&#8221; locked=&#8221;off&#8221; global_colors_info=&#8221;{}&#8221; sticky_enabled=&#8221;0&#8243;][\/et_pb_image][\/et_pb_column][\/et_pb_row][\/et_pb_section][et_pb_section fb_built=&#8221;1&#8243; module_id=&#8221;ancla1&#8243; module_class=&#8221;meryl_light_background&#8221; _builder_version=&#8221;4.16&#8243; _module_preset=&#8221;default&#8221; background_color=&#8221;#faf4f0&#8243; global_colors_info=&#8221;{}&#8221;][et_pb_row _builder_version=&#8221;4.16&#8243; _module_preset=&#8221;default&#8221; global_colors_info=&#8221;{}&#8221;][et_pb_column type=&#8221;4_4&#8243; _builder_version=&#8221;4.16&#8243; _module_preset=&#8221;default&#8221; global_colors_info=&#8221;{}&#8221;][et_pb_text _builder_version=&#8221;4.20.2&#8243; _module_preset=&#8221;default&#8221; text_orientation=&#8221;center&#8221; global_colors_info=&#8221;{}&#8221;]<h2><span style=\"font-family: 'Modernline'; font-weight: normal; color: #a97e61; font-size: 60px;\">S\u00e9ance Grossesse<\/span><\/h2>\n<h2>\u200b<\/h2>[\/et_pb_text][\/et_pb_column][\/et_pb_row][et_pb_row column_structure=&#8221;1_3,1_3,1_3&#8243; _builder_version=&#8221;4.16&#8243; _module_preset=&#8221;default&#8221; global_colors_info=&#8221;{}&#8221;][et_pb_column type=&#8221;1_3&#8243; _builder_version=&#8221;4.16&#8243; _module_preset=&#8221;default&#8221; global_colors_info=&#8221;{}&#8221;][et_pb_image src=&#8221;https:\/\/helenecourtonne.fr\/wp-content\/uploads\/2024\/01\/Helene-Courtonne-Photographie-CC-Seance-Grossesse-31-scaled.jpg&#8221; title_text=&#8221;Helene Courtonne Photographie &#8211; C&#038;C S\u00e9ance Grossesse-31&#8243; show_in_lightbox=&#8221;on&#8221; _builder_version=&#8221;4.20.2&#8243; _module_preset=&#8221;default&#8221; global_colors_info=&#8221;{}&#8221;][\/et_pb_image][\/et_pb_column][et_pb_column type=&#8221;1_3&#8243; _builder_version=&#8221;4.16&#8243; _module_preset=&#8221;default&#8221; global_colors_info=&#8221;{}&#8221;][et_pb_image src=&#8221;https:\/\/helenecourtonne.fr\/wp-content\/uploads\/2024\/02\/Helene-Courtonne-Photographie-Grossesse-S-R-8-scaled.jpg&#8221; title_text=&#8221;Helene Courtonne Photographie &#8211; Grossesse S &#038; R-8&#8243; show_in_lightbox=&#8221;on&#8221; module_class=&#8221;et-zoom-in&#8221; _builder_version=&#8221;4.20.2&#8243; _module_preset=&#8221;default&#8221; global_colors_info=&#8221;{}&#8221;][\/et_pb_image][et_pb_image src=&#8221;https:\/\/helenecourtonne.fr\/wp-content\/uploads\/2024\/02\/Helene-Courtonne-MA-Grossesse-29-scaled.jpg&#8221; title_text=&#8221;Helene Courtonne &#8211;  Pregnancy&#8221; show_in_lightbox=&#8221;on&#8221; _builder_version=&#8221;4.20.2&#8243; _module_preset=&#8221;default&#8221; global_colors_info=&#8221;{}&#8221;][\/et_pb_image][\/et_pb_column][et_pb_column type=&#8221;1_3&#8243; _builder_version=&#8221;4.16&#8243; _module_preset=&#8221;default&#8221; global_colors_info=&#8221;{}&#8221;][et_pb_image src=&#8221;https:\/\/helenecourtonne.fr\/wp-content\/uploads\/2024\/02\/Helene-Courtonne-Photographie-Grossesse-CK-28-scaled.jpg&#8221; title_text=&#8221;Helene Courtonne Photographie &#8211; Grossesse&#8221; show_in_lightbox=&#8221;on&#8221; _builder_version=&#8221;4.20.2&#8243; _module_preset=&#8221;default&#8221; global_colors_info=&#8221;{}&#8221;][\/et_pb_image][\/et_pb_column][\/et_pb_row][\/et_pb_section][et_pb_section fb_built=&#8221;1&#8243; module_id=&#8221;ancla2&#8243; _builder_version=&#8221;4.16&#8243; _module_preset=&#8221;default&#8221; background_enable_color=&#8221;off&#8221; global_colors_info=&#8221;{}&#8221;][et_pb_row _builder_version=&#8221;4.16&#8243; _module_preset=&#8221;default&#8221; global_colors_info=&#8221;{}&#8221;][et_pb_column type=&#8221;4_4&#8243; _builder_version=&#8221;4.16&#8243; _module_preset=&#8221;default&#8221; global_colors_info=&#8221;{}&#8221;][et_pb_text _builder_version=&#8221;4.20.2&#8243; _module_preset=&#8221;default&#8221; text_orientation=&#8221;center&#8221; global_colors_info=&#8221;{}&#8221;]<h2><span style=\"font-family: 'Modernline'; font-weight: normal; color: #a97e61; font-size: 60px;\">S\u00e9ance Nouveau-N\u00e9<\/span><\/h2>[\/et_pb_text][\/et_pb_column][\/et_pb_row][et_pb_row column_structure=&#8221;1_3,1_3,1_3&#8243; _builder_version=&#8221;4.16&#8243; _module_preset=&#8221;default&#8221; global_colors_info=&#8221;{}&#8221;][et_pb_column type=&#8221;1_3&#8243; _builder_version=&#8221;4.16&#8243; _module_preset=&#8221;default&#8221; global_colors_info=&#8221;{}&#8221;][et_pb_image src=&#8221;https:\/\/helenecourtonne.fr\/wp-content\/uploads\/2024\/02\/Helene-Courtonne-Photographie-Timeo-19-scaled.jpg&#8221; title_text=&#8221;Helene Courtonne Photographie &#8211; Tim\u00e9o-19&#8243; show_in_lightbox=&#8221;on&#8221; _builder_version=&#8221;4.20.2&#8243; _module_preset=&#8221;default&#8221; global_colors_info=&#8221;{}&#8221;][\/et_pb_image][et_pb_image src=&#8221;https:\/\/helenecourtonne.fr\/wp-content\/uploads\/2024\/02\/Naissance-Anna-Helene-Courtonne-Photographie-31-scaled.jpg&#8221; title_text=&#8221;Helene Courtonne Photographie-naissance&#8221; _builder_version=&#8221;4.20.2&#8243; _module_preset=&#8221;default&#8221; global_colors_info=&#8221;{}&#8221;][\/et_pb_image][\/et_pb_column][et_pb_column type=&#8221;1_3&#8243; _builder_version=&#8221;4.16&#8243; _module_preset=&#8221;default&#8221; global_colors_info=&#8221;{}&#8221;][et_pb_image src=&#8221;https:\/\/helenecourtonne.fr\/wp-content\/uploads\/2024\/02\/Helene-Courtonne-Famille-GONCU-Ediz-28-scaled.jpg&#8221; title_text=&#8221;Helene Courtonne &#8211; Nouveau N\u00e9&#8221; show_in_lightbox=&#8221;on&#8221; _builder_version=&#8221;4.20.2&#8243; _module_preset=&#8221;default&#8221; global_colors_info=&#8221;{}&#8221;][\/et_pb_image][et_pb_image src=&#8221;https:\/\/helenecourtonne.fr\/wp-content\/uploads\/2024\/02\/Helene-Courtonne-Photographie-Naissance-Lou-7-scaled.jpg&#8221; title_text=&#8221;Helene Courtonne Photographie &#8211; Naissance Lou-7&#8243; show_in_lightbox=&#8221;on&#8221; _builder_version=&#8221;4.20.2&#8243; _module_preset=&#8221;default&#8221; global_colors_info=&#8221;{}&#8221;][\/et_pb_image][et_pb_image src=&#8221;https:\/\/helenecourtonne.fr\/wp-content\/uploads\/2024\/02\/Helene-Courtonne-Photographie-Timeo-25-scaled.jpg&#8221; title_text=&#8221;Helene Courtonne Photographie &#8211; Nouveau N\u00e9&#8221; _builder_version=&#8221;4.20.2&#8243; _module_preset=&#8221;default&#8221; global_colors_info=&#8221;{}&#8221;][\/et_pb_image][\/et_pb_column][et_pb_column type=&#8221;1_3&#8243; _builder_version=&#8221;4.16&#8243; _module_preset=&#8221;default&#8221; global_colors_info=&#8221;{}&#8221;][et_pb_image src=&#8221;https:\/\/helenecourtonne.fr\/wp-content\/uploads\/2024\/02\/Helene-Courtonne-Photographie-Naissance-Lou-17-scaled.jpg&#8221; title_text=&#8221;Helene Courtonne Photographie &#8211; Naissance Lou-17&#8243; show_in_lightbox=&#8221;on&#8221; module_class=&#8221;et-zoom-in&#8221; _builder_version=&#8221;4.20.2&#8243; _module_preset=&#8221;default&#8221; global_colors_info=&#8221;{}&#8221;][\/et_pb_image][et_pb_image src=&#8221;https:\/\/helenecourtonne.fr\/wp-content\/uploads\/2024\/02\/Helene-Courtonne-Photographie-Faustine-22-scaled.jpg&#8221; title_text=&#8221;Helene Courtonne Photographie &#8211; nouveau n\u00e9 F&#8221; _builder_version=&#8221;4.20.2&#8243; _module_preset=&#8221;default&#8221; global_colors_info=&#8221;{}&#8221;][\/et_pb_image][\/et_pb_column][\/et_pb_row][\/et_pb_section]\n","protected":false},"excerpt":{"rendered":"<p>Collection Naissance Plusieurs s\u00e9ances disponibles pour r\u00e9pondre \u00e0 vos enviesCollection Naissance Des s\u00e9ances pour chaque \u00e9tape de ce merveilleux \u00e9v\u00e8nement qu&#8217;est l&#8217;arriv\u00e9e d&#8217;un b\u00e9b\u00e9. De la grossesse aux premi\u00e8res semaines de votre bout de chou, pour un maximum d&#8217;images qui accompagneront vos souvenirs pour toujours.S\u00e9ance Grossesse \u200bS\u00e9ance Nouveau-N\u00e9<\/p>\n","protected":false},"author":1,"featured_media":0,"parent":0,"menu_order":0,"comment_status":"closed","ping_status":"closed","template":"","meta":{"_et_pb_use_builder":"on","_et_pb_old_content":"","_et_gb_content_width":"","_monsterinsights_skip_tracking":false,"_monsterinsights_sitenote_active":false,"_monsterinsights_sitenote_note":"","_monsterinsights_sitenote_category":0,"footnotes":""},"class_list":["post-1305","page","type-page","status-publish","hentry"],"aioseo_notices":[],"_links":{"self":[{"href":"https:\/\/helenecourtonne.fr\/index.php?rest_route=\/wp\/v2\/pages\/1305","targetHints":{"allow":["GET"]}}],"collection":[{"href":"https:\/\/helenecourtonne.fr\/index.php?rest_route=\/wp\/v2\/pages"}],"about":[{"href":"https:\/\/helenecourtonne.fr\/index.php?rest_route=\/wp\/v2\/types\/page"}],"author":[{"embeddable":true,"href":"https:\/\/helenecourtonne.fr\/index.php?rest_route=\/wp\/v2\/users\/1"}],"replies":[{"embeddable":true,"href":"https:\/\/helenecourtonne.fr\/index.php?rest_route=%2Fwp%2Fv2%2Fcomments&post=1305"}],"version-history":[{"count":11,"href":"https:\/\/helenecourtonne.fr\/index.php?rest_route=\/wp\/v2\/pages\/1305\/revisions"}],"predecessor-version":[{"id":1702,"href":"https:\/\/helenecourtonne.fr\/index.php?rest_route=\/wp\/v2\/pages\/1305\/revisions\/1702"}],"wp:attachment":[{"href":"https:\/\/helenecourtonne.fr\/index.php?rest_route=%2Fwp%2Fv2%2Fmedia&parent=1305"}],"curies":[{"name":"wp","href":"https:\/\/api.w.org\/{rel}","templated":true}]}}