{"id":1443,"date":"2024-02-02T23:07:42","date_gmt":"2024-02-02T22:07:42","guid":{"rendered":"https:\/\/helenecourtonne.fr\/?page_id=1443"},"modified":"2024-03-21T15:48:03","modified_gmt":"2024-03-21T14:48:03","slug":"1443-2","status":"publish","type":"page","link":"https:\/\/helenecourtonne.fr\/?page_id=1443","title":{"rendered":"S\u00e9ance Nouveau-N\u00e9"},"content":{"rendered":"\n[et_pb_section fb_built=&#8221;1&#8243; module_class=&#8221;meryl_light_background&#8221; _builder_version=&#8221;4.16&#8243; _module_preset=&#8221;default&#8221; background_color=&#8221;#faf4f0&#8243; global_colors_info=&#8221;{}&#8221;][et_pb_row _builder_version=&#8221;4.20.2&#8243; _module_preset=&#8221;default&#8221; global_colors_info=&#8221;{}&#8221;][et_pb_column type=&#8221;4_4&#8243; _builder_version=&#8221;4.20.2&#8243; _module_preset=&#8221;default&#8221; global_colors_info=&#8221;{}&#8221;][et_pb_text _builder_version=&#8221;4.20.2&#8243; _module_preset=&#8221;default&#8221; header_2_text_align=&#8221;center&#8221; header_2_font_size=&#8221;50px&#8221; text_font_tablet=&#8221;&#8221; text_font_phone=&#8221;&#8221; text_font_last_edited=&#8221;on|phone&#8221; header_2_font_size_tablet=&#8221;40px&#8221; header_2_font_size_phone=&#8221;35px&#8221; header_2_font_size_last_edited=&#8221;on|phone&#8221; global_colors_info=&#8221;{}&#8221;]<h2><span style=\"font-family: 'Modernline'; font-weight: normal; color: #a97e61; font-size: 60px;\">S\u00e9ance Nouveau-N\u00e9<\/span><\/h2>[\/et_pb_text][\/et_pb_column][\/et_pb_row][et_pb_row column_structure=&#8221;1_3,1_3,1_3&#8243; use_custom_gutter=&#8221;on&#8221; make_equal=&#8221;on&#8221; _builder_version=&#8221;4.17.4&#8243; _module_preset=&#8221;default&#8221; global_colors_info=&#8221;{}&#8221;][et_pb_column type=&#8221;1_3&#8243; _builder_version=&#8221;4.17.4&#8243; _module_preset=&#8221;default&#8221; custom_css_main_element=&#8221;display: flex;||flex-direction: column;||justify-content: center;&#8221; global_colors_info=&#8221;{}&#8221;][et_pb_cta title=&#8221;Une pause hors du temps dans votre nouvelle vie de parents&#8221; button_url=&#8221;https:\/\/helenecourtonne.fr\/?page_id=1299&#8243; button_text=&#8221;R\u00c9SERVER MA S\u00c9ANCE NOUVEAU-N\u00c9&#8221; admin_label=&#8221;Heading, Subheading &#038; CTA Button&#8221; _builder_version=&#8221;4.20.2&#8243; header_level=&#8221;h1&#8243; header_text_align=&#8221;left&#8221; header_font_size=&#8221;60px&#8221; header_line_height=&#8221;1.2em&#8221; body_text_align=&#8221;left&#8221; body_line_height=&#8221;1.8em&#8221; use_background_color=&#8221;off&#8221; button_alignment=&#8221;left&#8221; background_layout=&#8221;light&#8221; custom_margin=&#8221;||||false|false&#8221; custom_margin_tablet=&#8221;3vw||3vw|&#8221; custom_margin_phone=&#8221;|||&#8221; custom_margin_last_edited=&#8221;on|desktop&#8221; animation_style=&#8221;fade&#8221; header_text_align_tablet=&#8221;center&#8221; header_text_align_phone=&#8221;&#8221; header_text_align_last_edited=&#8221;on|tablet&#8221; header_font_size_tablet=&#8221;&#8221; header_font_size_phone=&#8221;50px&#8221; header_font_size_last_edited=&#8221;on|phone&#8221; button_alignment_tablet=&#8221;center&#8221; button_alignment_phone=&#8221;&#8221; button_alignment_last_edited=&#8221;on|tablet&#8221; text_orientation_tablet=&#8221;center&#8221; text_orientation_phone=&#8221;&#8221; text_orientation_last_edited=&#8221;on|tablet&#8221; button_border_radius_hover=&#8221;0px&#8221; global_colors_info=&#8221;{}&#8221; button_text_size__hover_enabled=&#8221;off&#8221; button_one_text_size__hover_enabled=&#8221;off&#8221; button_two_text_size__hover_enabled=&#8221;off&#8221; button_text_color__hover_enabled=&#8221;off&#8221; button_one_text_color__hover_enabled=&#8221;off&#8221; button_two_text_color__hover_enabled=&#8221;off&#8221; button_border_width__hover_enabled=&#8221;off&#8221; button_one_border_width__hover_enabled=&#8221;off&#8221; button_two_border_width__hover_enabled=&#8221;off&#8221; button_border_color__hover_enabled=&#8221;off&#8221; button_one_border_color__hover_enabled=&#8221;off&#8221; button_two_border_color__hover_enabled=&#8221;off&#8221; button_border_radius__hover_enabled=&#8221;on&#8221; button_border_radius__hover=&#8221;0px&#8221; button_one_border_radius__hover_enabled=&#8221;off&#8221; button_two_border_radius__hover_enabled=&#8221;off&#8221; button_letter_spacing__hover_enabled=&#8221;off&#8221; button_one_letter_spacing__hover_enabled=&#8221;off&#8221; button_two_letter_spacing__hover_enabled=&#8221;off&#8221; button_bg_color__hover_enabled=&#8221;off&#8221; button_one_bg_color__hover_enabled=&#8221;off&#8221; button_two_bg_color__hover_enabled=&#8221;off&#8221;]<p><!-- divi:paragraph --><\/p>\n<p style=\"text-align: justify;\">Quoi de plus merveilleux et pr\u00e9cieux que la naissance d\u2019un b\u00e9b\u00e9 ?<\/p>\n<p style=\"text-align: justify;\"><!-- \/divi:paragraph --> <!-- divi:paragraph --><\/p>\n<p style=\"text-align: justify;\">Ce petit bout de chou va changer un peu plus chaque jour et qui n\u2019aurait pas envie de se souvenir\u00a0 de chaque petit trait de ce petit \u00eatre pour toujours ?<\/p>\n<p style=\"text-align: justify;\"><!-- \/divi:paragraph --> <!-- divi:paragraph --><\/p>\n<p style=\"text-align: justify;\">Durant la \u00ab\u00a0<em>S\u00e9ance Nouveau-N\u00e9\u00a0<\/em>\u00bb c\u2019est b\u00e9b\u00e9 qui m\u00e8ne la danse. Pas de stress, nous nous adaptons \u00e0 ses besoins et prenons le temps de vivre la s\u00e9ance \u00e0 son rythme.<\/p>\n<p style=\"text-align: justify;\">Grace \u00e0 cela, nous pourrons ensuite r\u00e9aliser une s\u00e9ance toute en douceur avec un b\u00e9b\u00e9 apais\u00e9.<\/p>\n<p style=\"text-align: justify;\">L\u2019image parfaite \u00e0 tout prix, au d\u00e9triment du bien-\u00eatre de b\u00e9b\u00e9 est hors de question !<\/p>\n<p><!-- \/divi:paragraph --><\/p>[\/et_pb_cta][\/et_pb_column][et_pb_column type=&#8221;1_3&#8243; _builder_version=&#8221;4.16&#8243; _module_preset=&#8221;default&#8221; global_colors_info=&#8221;{}&#8221;][et_pb_image src=&#8221;https:\/\/helenecourtonne.fr\/wp-content\/uploads\/2024\/02\/Helene-Courtonne-Photographie-Timeo-19-scaled.jpg&#8221; title_text=&#8221;Helene Courtonne Photographie &#8211; Tim\u00e9o-19&#8243; _builder_version=&#8221;4.20.2&#8243; _module_preset=&#8221;default&#8221; custom_margin=&#8221;19%||||false|false&#8221; global_colors_info=&#8221;{}&#8221;][\/et_pb_image][et_pb_image src=&#8221;https:\/\/helenecourtonne.fr\/wp-content\/uploads\/2024\/02\/Helene-Courtonne-Photographie-Mael-31-scaled.jpg&#8221; title_text=&#8221;Helene Courtonne Photographie &#8211; Mael-31&#8243; _builder_version=&#8221;4.20.2&#8243; _module_preset=&#8221;default&#8221; custom_margin=&#8221;-99%|-25%||35%|false|false&#8221; custom_margin_tablet=&#8221;0%|0%||0%|false|false&#8221; custom_margin_phone=&#8221;&#8221; custom_margin_last_edited=&#8221;on|tablet&#8221; border_width_all=&#8221;15px&#8221; border_color_all=&#8221;#ffffff&#8221; global_colors_info=&#8221;{}&#8221;][\/et_pb_image][\/et_pb_column][et_pb_column type=&#8221;1_3&#8243; _builder_version=&#8221;4.16&#8243; _module_preset=&#8221;default&#8221; global_colors_info=&#8221;{}&#8221;][et_pb_image src=&#8221;https:\/\/helenecourtonne.fr\/wp-content\/uploads\/2024\/02\/Helene-Courtonne-Photographie-Faustine-32-scaled.jpg&#8221; title_text=&#8221;Helene Courtonne Photographie &#8211; Faustine-32&#8243; _builder_version=&#8221;4.20.2&#8243; _module_preset=&#8221;default&#8221; global_colors_info=&#8221;{}&#8221;][\/et_pb_image][\/et_pb_column][\/et_pb_row][\/et_pb_section][et_pb_section fb_built=&#8221;1&#8243; admin_label=&#8221;Playful Content Module &#8211; BG Image 1900 x 906 pixels&#8221; module_class=&#8221;pegasus-content15&#8243; _builder_version=&#8221;4.20.2&#8243; use_background_color_gradient=&#8221;on&#8221; background_color_gradient_stops=&#8221;rgba(255,255,255,0.91) 0%|rgba(255,255,255,0.91) 100%&#8221; background_color_gradient_overlays_image=&#8221;on&#8221; background_color_gradient_start=&#8221;rgba(255,255,255,0.91)&#8221; background_color_gradient_end=&#8221;rgba(255,255,255,0.91)&#8221; background_image=&#8221;https:\/\/helenecourtonne.fr\/wp-content\/uploads\/2020\/09\/Flower01.png&#8221; background_size=&#8221;contain&#8221; custom_margin=&#8221;3%||3%||true|false&#8221; collapsed=&#8221;off&#8221; global_colors_info=&#8221;{}&#8221;][et_pb_row column_structure=&#8221;1_2,1_2&#8243; use_custom_gutter=&#8221;on&#8221; make_equal=&#8221;on&#8221; admin_label=&#8221;Playful Content Module&#8221; _builder_version=&#8221;4.20.2&#8243; background_size=&#8221;initial&#8221; background_position=&#8221;top_left&#8221; background_repeat=&#8221;repeat&#8221; custom_padding=&#8221;|||&#8221; use_custom_width=&#8221;on&#8221; custom_width_px=&#8221;1520px&#8221; collapsed=&#8221;off&#8221; global_colors_info=&#8221;{}&#8221;][et_pb_column type=&#8221;1_2&#8243; _builder_version=&#8221;4.20.2&#8243; custom_padding=&#8221;||||false|false&#8221; custom_css_main_element=&#8221; z-index: 11;||display: flex;||flex-direction: column;||justify-content: center;&#8221; global_colors_info=&#8221;{}&#8221; custom_padding__hover=&#8221;|||&#8221;][et_pb_text admin_label=&#8221;Title&#8221; _builder_version=&#8221;4.20.2&#8243; text_font=&#8221;Muli|600|||||||&#8221; text_font_size=&#8221;18px&#8221; text_line_height=&#8221;1.8em&#8221; header_font=&#8221;||||||||&#8221; header_font_size=&#8221;29px&#8221; header_2_font_size=&#8221;52px&#8221; header_2_line_height=&#8221;1.1em&#8221; z_index=&#8221;999&#8243; max_width_last_edited=&#8221;off|desktop&#8221; custom_margin=&#8221;|-211px|||false|false&#8221; custom_margin_tablet=&#8221;0px|0px||0px|false|false&#8221; custom_margin_phone=&#8221;&#8221; custom_margin_last_edited=&#8221;on|tablet&#8221; custom_padding=&#8221;||||false|false&#8221; custom_padding_last_edited=&#8221;off|desktop&#8221; header_2_text_align_tablet=&#8221;center&#8221; header_2_text_align_phone=&#8221;&#8221; header_2_text_align_last_edited=&#8221;on|phone&#8221; header_2_font_size_tablet=&#8221;40px&#8221; header_2_font_size_phone=&#8221;40px&#8221; header_2_font_size_last_edited=&#8221;on|phone&#8221; global_colors_info=&#8221;{}&#8221;]<h2><span style=\"font-family: 'Modernline'; font-weight: normal; color: #a97e61; font-size: 60px;\">S\u00e9ance Nouveau-N\u00e9<\/span><\/h2>[\/et_pb_text][et_pb_text admin_label=&#8221;Paragraph&#8221; _builder_version=&#8221;4.20.2&#8243; text_line_height=&#8221;1.8em&#8221; header_font=&#8221;||||||||&#8221; header_2_font=&#8221;Muli|700|||||||&#8221; header_2_font_size=&#8221;50px&#8221; header_2_line_height=&#8221;1.4em&#8221; text_orientation=&#8221;justified&#8221; max_width_last_edited=&#8221;off|desktop&#8221; module_alignment=&#8221;right&#8221; custom_margin=&#8221;|||&#8221; custom_padding=&#8221;|||&#8221; custom_padding_tablet=&#8221;30px|0px|30px|0px&#8221; custom_padding_phone=&#8221;&#8221; custom_padding_last_edited=&#8221;on|tablet&#8221; global_colors_info=&#8221;{}&#8221;]<p><!-- divi:paragraph --><\/p>\n<p><!-- divi:paragraph --><\/p>\n<p>La \u00ab\u00a0<em>S\u00e9ance Nouveau-N\u00e9<\/em>\u00a0\u00bb est \u00e0 r\u00e9aliser dans les 15 premiers jours de vie de b\u00e9b\u00e9, id\u00e9alement autour du 10<sup>\u00e8me<\/sup> jour.<\/p>\n<p><!-- \/divi:paragraph --> <!-- divi:paragraph --><\/p>\n<p><strong>Pourquoi r\u00e9aliser les photos de mon b\u00e9b\u00e9 si t\u00f4t ?\u00a0<\/strong><\/p>\n<p><!-- \/divi:paragraph --> <!-- divi:paragraph --><\/p>\n<p>Pour diff\u00e9rentes raisons qui nous permettrons de profiter des meilleurs conditions possibles pour ensuite obtenir les plus doux clich\u00e9s de votre merveille.<\/p>\n<p><!-- \/divi:paragraph --> <!-- divi:paragraph --><\/p>\n<p>Tout d\u2019abord, durant cette p\u00e9riode b\u00e9b\u00e9 passe la majeure partie de son temps \u00e0 dormir. Ainsi en le manipulant avec bienveillance et en respectant sa physiologie de nourrisson nous pourrons r\u00e9aliser des photos en profitant de petite bouille de poupon apais\u00e9 et de sa jolie position foetale qui persiste encore quelques jours apr\u00e8s sa naissance er qui lui rappelle cet endroit o\u00f9 il \u00e9tait bien au chaud quelques jours auparavant.<\/p>\n<p><!-- \/divi:paragraph --> <!-- divi:paragraph --><\/p>\n<p>De plus, gr\u00e2ce \u00e0 l\u2019emmaillotement la plupart des b\u00e9b\u00e9s se sentent s\u00e9curis\u00e9s et s\u2019abandonnent compl\u00e8tement \u00e0 un doux sommeil ensuite.<\/p>\n<p><!-- \/divi:paragraph --> <!-- divi:paragraph --><\/p>\n<p>En outre, le petit corps du b\u00e9b\u00e9 prend doucement ses marques apr\u00e8s ce changement d\u2019environnement o\u00f9 tout est nouveau pour lui. Et il n\u2019est pas rare\u00a0 qu\u2019apr\u00e8s cette p\u00e9riode des petits tracas physiologiques viennent le tourmenter.<\/p>\n<p><!-- \/divi:paragraph --> <!-- divi:paragraph --><\/p>\n<p>De votre c\u00f4t\u00e9, vous \u00eates encore sur votre petit nuage, \u00e9merveill\u00e9s par ce petit miracle qui se tient bien au chaud dans vos bras et nous faisons en sorte que cette parenth\u00e8se dans votre quotidien de parents soit une petite pause de bonheur en famille.<\/p>\n<p><!-- \/divi:paragraph --><\/p>\n<p><!-- \/divi:paragraph --><\/p>[\/et_pb_text][et_pb_image src=&#8221;https:\/\/helenecourtonne.fr\/wp-content\/uploads\/2024\/02\/Helene-Courtonne-Photographie-Naissance-Lou-7-scaled.jpg&#8221; title_text=&#8221;Helene Courtonne Photographie &#8211; Naissance Lou-7&#8243; _builder_version=&#8221;4.20.2&#8243; _module_preset=&#8221;default&#8221; global_colors_info=&#8221;{}&#8221;][\/et_pb_image][\/et_pb_column][et_pb_column type=&#8221;1_2&#8243; _builder_version=&#8221;4.16&#8243; custom_padding=&#8221;|||&#8221; global_colors_info=&#8221;{}&#8221; custom_padding__hover=&#8221;|||&#8221;][et_pb_image src=&#8221;https:\/\/helenecourtonne.fr\/wp-content\/uploads\/2024\/02\/Helene-Courtonne-Photographie-Mael-11-1-scaled.jpg&#8221; title_text=&#8221;Helene Courtonne Photographie &#8211; Mael-11&#8243; _builder_version=&#8221;4.20.2&#8243; _module_preset=&#8221;default&#8221; global_colors_info=&#8221;{}&#8221;][\/et_pb_image][et_pb_text admin_label=&#8221;Paragraph&#8221; _builder_version=&#8221;4.20.2&#8243; text_line_height=&#8221;1.8em&#8221; header_font=&#8221;||||||||&#8221; header_2_font=&#8221;Muli|700|||||||&#8221; header_2_font_size=&#8221;50px&#8221; header_2_line_height=&#8221;1.4em&#8221; text_orientation=&#8221;justified&#8221; max_width_last_edited=&#8221;off|desktop&#8221; module_alignment=&#8221;right&#8221; custom_margin=&#8221;|||&#8221; custom_padding=&#8221;|||&#8221; custom_padding_tablet=&#8221;30px|0px|30px|0px&#8221; custom_padding_phone=&#8221;&#8221; custom_padding_last_edited=&#8221;on|tablet&#8221; global_colors_info=&#8221;{}&#8221;]<p><strong>Comment se passe une &#8220;S\u00e9ance Nouveau-N\u00e9&#8221; ?<\/strong><\/p>\n<p>Le matin, car c\u2019est l\u00e0 que les nourrissons sont le plus apais\u00e9s.<\/p>\n<p>Nous nous retrouvons pour votre \u00ab <em>S\u00e9ance Nouveau-N\u00e9<\/em>\u00a0\u00bb autour de laquelle nous avons d\u00e9j\u00e0 \u00e9chang\u00e9 pour que celle-ci soit en harmonie avec vos attentes.<\/p>\n<p>Nous r\u00e9alisons tout d\u2019abord quelques clich\u00e9s en famille, puis je me consacrerai \u00e0 b\u00e9b\u00e9 pendant que vous vous installerez confortablement.<\/p>\n<p>Nous vivons cette s\u00e9ance photos au rythme de votre enfant, ce qui signifie autant de pauses c\u00e2lins, repas, changes\u2026 que n\u00e9cessaire. Ce qui explique que la dur\u00e9e moyenne d\u2019une \u00ab <em>S\u00e9ance Nouveau-N\u00e9<\/em>\u00a0\u00bb est de 2H30.<\/p>\n<p>Je dispose d\u2019une multitude de contenants, de tissus, de headbands et autre accessoires qui viendront parfaitement agr\u00e9menter la s\u00e9ance.<\/p>\n<p>Je privil\u00e9gie des tons et des mati\u00e8res naturels de mani\u00e8res g\u00e9n\u00e9rale, ce qui vous permettra \u00e9galement de profiter de vos photos de mani\u00e8re intemporelle.<\/p>\n<p>Je reste toujours \u00e0 votre \u00e9coute en vous proposant diff\u00e9rents d\u00e9cors tout au long de la s\u00e9ance.<\/p>\n<p>Le jour de votre \u00ab <em>S\u00e9ance Nouveau-N\u00e9<\/em>\u00a0\u00bb privil\u00e9giez des tenues unies et dans des teintes accord\u00e9es pour les diff\u00e9rents participants \u00e0 la s\u00e9ance photos.<\/p>\n<p>L\u2019essentiel \u00e9tant que vous vous sentiez bien et \u00e0 l\u2019aise dans ce que vous portez. Des couleurs harmonis\u00e9es et claires vous permettront de profiter de vos images de mani\u00e8re optimale et intemporelle.<\/p>\n<p><strong>Quand et comment r\u00e9server<\/strong> ?<\/p>\n<p>Id\u00e9alement d\u00e8s le d\u00e9but de votre second trimestre de grossesse.<\/p>\n<p>Nous discuterons ensemble de vos envies et cela me permet d\u2019avoir une visibilit\u00e9 sur mon emploi du temps sur les semaines \u00e0 venir. M\u00eame si l\u2019on sait bien que b\u00e9b\u00e9 d\u00e9cidera lui-m\u00eame de sa venue.<\/p>\n<p>Lorsque b\u00e9b\u00e9 arrive, vous me contactez d\u00e8s que possible pour m\u2019annoncer sa naissance et que nous fassions un point sur nos disponibilit\u00e9s respectives afin de trouver le meilleur moment pour r\u00e9aliser votre \u00ab <em>S\u00e9ance Nouveau-N\u00e9<\/em>\u00a0\u00bb.<\/p>\n<p><!-- \/divi:paragraph --><\/p>[\/et_pb_text][\/et_pb_column][\/et_pb_row][et_pb_row _builder_version=&#8221;4.20.2&#8243; _module_preset=&#8221;default&#8221; global_colors_info=&#8221;{}&#8221;][et_pb_column type=&#8221;4_4&#8243; _builder_version=&#8221;4.20.2&#8243; _module_preset=&#8221;default&#8221; global_colors_info=&#8221;{}&#8221;][et_pb_button button_text=&#8221;TARIF S\u00c9ANCE NOUVEAU-N\u00c9 : 300\u20ac&#8221; _builder_version=&#8221;4.20.2&#8243; _module_preset=&#8221;default&#8221; hover_enabled=&#8221;0&#8243; global_colors_info=&#8221;{}&#8221; button_url=&#8221;https:\/\/helenecourtonne.fr\/?page_id=1299&#8243; sticky_enabled=&#8221;0&#8243;][\/et_pb_button][\/et_pb_column][\/et_pb_row][et_pb_row _builder_version=&#8221;4.20.2&#8243; _module_preset=&#8221;default&#8221; global_colors_info=&#8221;{}&#8221;][et_pb_column type=&#8221;4_4&#8243; _builder_version=&#8221;4.20.2&#8243; _module_preset=&#8221;default&#8221; global_colors_info=&#8221;{}&#8221;][et_pb_text _builder_version=&#8221;4.20.2&#8243; _module_preset=&#8221;default&#8221; global_colors_info=&#8221;{}&#8221;]<!-- divi:paragraph -->\n<h2><span style=\"font-family: 'Modernline'; font-weight: normal; color: #a97e61; font-size: 60px;\"><\/span><\/h2>\n<h2><span style=\"font-family: 'Modernline'; font-weight: normal; color: #a97e61; font-size: 60px;\"><\/span><\/h2>\n<h2><span style=\"font-family: 'Modernline'; font-weight: normal; color: #a97e61; font-size: 60px;\">Collection Naissance<\/span><\/h2>\n<p><span style=\"font-family: 'Modernline'; font-weight: normal; color: #a97e61; font-size: 60px;\"><\/span><\/p>\n<p><span style=\"color: #800000;\"><strong>\u00a0S\u00c9ANCE GROSSESSE + S\u00c9ANCE NOUVEAU-N\u00c9 = &#8221; COLLECTION NAISSANCE &#8220;<\/strong><\/span><\/p>\n<p>\u00a0<!-- \/divi:paragraph --><!-- divi:paragraph --><!-- divi:paragraph -->Pour ceux qui veulent ch\u00e9rir le maximum de souvenirs de ces merveilleux moments.<!-- \/divi:paragraph --> <!-- divi:paragraph --><\/p>\n<p>R\u00e9servez en m\u00eame temps votre \u00ab\u00a0<strong><em>S\u00e9ance Grossesse<\/em><\/strong>\u00a0\u00bb\u00a0 ainsi que votre \u00ab\u00a0<strong><em>S\u00e9ance Nouveau-N\u00e9<\/em><\/strong> \u00bb pour me laisser prendre soin d\u2019immortaliser ces pr\u00e9cieux \u00e9v\u00e8nements et b\u00e9n\u00e9ficier d\u2019un tarif pr\u00e9f\u00e9rentiel sur vos s\u00e9ances (Par rapport au pris unitaire de chaque s\u00e9ance).<\/p>\n<p>Possibilit\u00e9 de r\u00e9aliser un \u00ab\u00a0<strong><em>Bon Cadeau<\/em><\/strong>\u00a0\u00bb \u00e0 offrir aux parents comme cadeau de naissance, en pensant \u00e0 anticiper le moment de la future prise de vues que j\u2019organiserai ensuite avec les parents.<!-- \/divi:paragraph --> <!-- \/divi:paragraph --><\/p>[\/et_pb_text][\/et_pb_column][\/et_pb_row][et_pb_row _builder_version=&#8221;4.20.2&#8243; _module_preset=&#8221;default&#8221; global_colors_info=&#8221;{}&#8221;][et_pb_column type=&#8221;4_4&#8243; _builder_version=&#8221;4.20.2&#8243; _module_preset=&#8221;default&#8221; global_colors_info=&#8221;{}&#8221;][et_pb_button button_text=&#8221;TARIF COLLECTION NAISSANCE : 400\u20ac&#8221; _builder_version=&#8221;4.20.2&#8243; _module_preset=&#8221;default&#8221; hover_enabled=&#8221;0&#8243; global_colors_info=&#8221;{}&#8221; button_url=&#8221;https:\/\/helenecourtonne.fr\/?page_id=1299&#8243; sticky_enabled=&#8221;0&#8243;][\/et_pb_button][\/et_pb_column][\/et_pb_row][\/et_pb_section]\n","protected":false},"excerpt":{"rendered":"<p>S\u00e9ance Nouveau-N\u00e9 Quoi de plus merveilleux et pr\u00e9cieux que la naissance d\u2019un b\u00e9b\u00e9 ? Ce petit bout de chou va changer un peu plus chaque jour et qui n\u2019aurait pas envie de se souvenir\u00a0 de chaque petit trait de ce petit \u00eatre pour toujours ? Durant la \u00ab\u00a0S\u00e9ance Nouveau-N\u00e9\u00a0\u00bb c\u2019est b\u00e9b\u00e9 qui m\u00e8ne la danse. [&hellip;]<\/p>\n","protected":false},"author":1,"featured_media":0,"parent":0,"menu_order":0,"comment_status":"closed","ping_status":"closed","template":"","meta":{"_et_pb_use_builder":"on","_et_pb_old_content":"","_et_gb_content_width":"","_monsterinsights_skip_tracking":false,"_monsterinsights_sitenote_active":false,"_monsterinsights_sitenote_note":"","_monsterinsights_sitenote_category":0,"footnotes":""},"class_list":["post-1443","page","type-page","status-publish","hentry"],"aioseo_notices":[],"_links":{"self":[{"href":"https:\/\/helenecourtonne.fr\/index.php?rest_route=\/wp\/v2\/pages\/1443","targetHints":{"allow":["GET"]}}],"collection":[{"href":"https:\/\/helenecourtonne.fr\/index.php?rest_route=\/wp\/v2\/pages"}],"about":[{"href":"https:\/\/helenecourtonne.fr\/index.php?rest_route=\/wp\/v2\/types\/page"}],"author":[{"embeddable":true,"href":"https:\/\/helenecourtonne.fr\/index.php?rest_route=\/wp\/v2\/users\/1"}],"replies":[{"embeddable":true,"href":"https:\/\/helenecourtonne.fr\/index.php?rest_route=%2Fwp%2Fv2%2Fcomments&post=1443"}],"version-history":[{"count":10,"href":"https:\/\/helenecourtonne.fr\/index.php?rest_route=\/wp\/v2\/pages\/1443\/revisions"}],"predecessor-version":[{"id":1727,"href":"https:\/\/helenecourtonne.fr\/index.php?rest_route=\/wp\/v2\/pages\/1443\/revisions\/1727"}],"wp:attachment":[{"href":"https:\/\/helenecourtonne.fr\/index.php?rest_route=%2Fwp%2Fv2%2Fmedia&parent=1443"}],"curies":[{"name":"wp","href":"https:\/\/api.w.org\/{rel}","templated":true}]}}