{"id":1511,"date":"2024-02-08T09:19:34","date_gmt":"2024-02-08T08:19:34","guid":{"rendered":"https:\/\/helenecourtonne.fr\/?page_id=1511"},"modified":"2024-09-18T15:19:55","modified_gmt":"2024-09-18T13:19:55","slug":"1511-2","status":"publish","type":"page","link":"https:\/\/helenecourtonne.fr\/?page_id=1511","title":{"rendered":"Smash The Cake"},"content":{"rendered":"<p>[et_pb_section fb_built=&#8221;1&#8243; module_class=&#8221;meryl_light_background&#8221; _builder_version=&#8221;4.16&#8243; _module_preset=&#8221;default&#8221; background_color=&#8221;#faf4f0&#8243; global_colors_info=&#8221;{}&#8221;][et_pb_row _builder_version=&#8221;4.20.2&#8243; _module_preset=&#8221;default&#8221; global_colors_info=&#8221;{}&#8221;][et_pb_column type=&#8221;4_4&#8243; _builder_version=&#8221;4.20.2&#8243; _module_preset=&#8221;default&#8221; global_colors_info=&#8221;{}&#8221;][et_pb_text _builder_version=&#8221;4.20.2&#8243; _module_preset=&#8221;default&#8221; header_2_text_align=&#8221;center&#8221; header_2_font_size=&#8221;50px&#8221; text_font_tablet=&#8221;&#8221; text_font_phone=&#8221;&#8221; text_font_last_edited=&#8221;on|phone&#8221; header_2_font_size_tablet=&#8221;40px&#8221; header_2_font_size_phone=&#8221;35px&#8221; header_2_font_size_last_edited=&#8221;on|phone&#8221; global_colors_info=&#8221;{}&#8221;]<\/p>\n<h2><span style=\"font-family: 'Modernline'; font-weight: normal; color: #a97e61; font-size: 60px;\">S\u00e9ance Smash the Cake<\/span><\/h2>\n<p>[\/et_pb_text][\/et_pb_column][\/et_pb_row][et_pb_row column_structure=&#8221;1_3,1_3,1_3&#8243; use_custom_gutter=&#8221;on&#8221; make_equal=&#8221;on&#8221; _builder_version=&#8221;4.17.4&#8243; _module_preset=&#8221;default&#8221; global_colors_info=&#8221;{}&#8221;][et_pb_column type=&#8221;1_3&#8243; _builder_version=&#8221;4.17.4&#8243; _module_preset=&#8221;default&#8221; custom_css_main_element=&#8221;display: flex;||flex-direction: column;||justify-content: center;&#8221; global_colors_info=&#8221;{}&#8221;][et_pb_cta title=&#8221;Un premier anniversaire unique et fun&#8221; button_url=&#8221;https:\/\/helenecourtonne.fr\/?page_id=1299&#8243; button_text=&#8221;R\u00c9SERVER MA S\u00c9ANCE SMASH THE CAKE&#8221; admin_label=&#8221;Heading, Subheading &#038; CTA Button&#8221; _builder_version=&#8221;4.20.2&#8243; header_level=&#8221;h1&#8243; header_text_align=&#8221;left&#8221; header_font_size=&#8221;60px&#8221; header_line_height=&#8221;1.2em&#8221; body_text_align=&#8221;left&#8221; body_line_height=&#8221;1.8em&#8221; use_background_color=&#8221;off&#8221; button_alignment=&#8221;left&#8221; background_layout=&#8221;light&#8221; custom_margin=&#8221;||||false|false&#8221; custom_margin_tablet=&#8221;3vw||3vw|&#8221; custom_margin_phone=&#8221;|||&#8221; custom_margin_last_edited=&#8221;on|desktop&#8221; animation_style=&#8221;fade&#8221; header_text_align_tablet=&#8221;center&#8221; header_text_align_phone=&#8221;&#8221; header_text_align_last_edited=&#8221;on|tablet&#8221; header_font_size_tablet=&#8221;&#8221; header_font_size_phone=&#8221;50px&#8221; header_font_size_last_edited=&#8221;on|phone&#8221; button_alignment_tablet=&#8221;center&#8221; button_alignment_phone=&#8221;&#8221; button_alignment_last_edited=&#8221;on|tablet&#8221; text_orientation_tablet=&#8221;center&#8221; text_orientation_phone=&#8221;&#8221; text_orientation_last_edited=&#8221;on|tablet&#8221; button_border_radius_hover=&#8221;0px&#8221; global_colors_info=&#8221;{}&#8221; button_text_size__hover_enabled=&#8221;off&#8221; button_one_text_size__hover_enabled=&#8221;off&#8221; button_two_text_size__hover_enabled=&#8221;off&#8221; button_text_color__hover_enabled=&#8221;off&#8221; button_one_text_color__hover_enabled=&#8221;off&#8221; button_two_text_color__hover_enabled=&#8221;off&#8221; button_border_width__hover_enabled=&#8221;off&#8221; button_one_border_width__hover_enabled=&#8221;off&#8221; button_two_border_width__hover_enabled=&#8221;off&#8221; button_border_color__hover_enabled=&#8221;off&#8221; button_one_border_color__hover_enabled=&#8221;off&#8221; button_two_border_color__hover_enabled=&#8221;off&#8221; button_border_radius__hover_enabled=&#8221;on&#8221; button_border_radius__hover=&#8221;0px&#8221; button_one_border_radius__hover_enabled=&#8221;off&#8221; button_two_border_radius__hover_enabled=&#8221;off&#8221; button_letter_spacing__hover_enabled=&#8221;off&#8221; button_one_letter_spacing__hover_enabled=&#8221;off&#8221; button_two_letter_spacing__hover_enabled=&#8221;off&#8221; button_bg_color__hover_enabled=&#8221;off&#8221; button_one_bg_color__hover_enabled=&#8221;off&#8221; button_two_bg_color__hover_enabled=&#8221;off&#8221;]<\/p>\n<p><!-- divi:paragraph --><\/p>\n<p>\u00c7a y est, le tout premier anniversaire de votre b\u00e9b\u00e9 approche \u00e0 grands pas et vous voulez faire quelque chose pour marquer cet \u00e9v\u00e8nement ?<\/p>\n<p><!-- \/divi:paragraph --> <!-- divi:paragraph --><\/p>\n<p>Venez partager un moment en famille dans la bonne humeur avec une <em>\u00ab\u00a0S\u00e9ance Smash The Cake\u00a0\u00bb<\/em> autour d\u2019un joli g\u00e2teau avec lequel b\u00e9b\u00e9 pourra s\u2019amuser.<!-- \/divi:paragraph --><\/p>\n<p>[\/et_pb_cta][\/et_pb_column][et_pb_column type=&#8221;1_3&#8243; _builder_version=&#8221;4.16&#8243; _module_preset=&#8221;default&#8221; global_colors_info=&#8221;{}&#8221;][et_pb_image src=&#8221;https:\/\/helenecourtonne.fr\/wp-content\/uploads\/2024\/02\/Helene-Courtonne-Photographie-Elynn-Smash-Cake-4-scaled.jpg&#8221; title_text=&#8221;Helene Courtonne Photographie &#8211; Elynn Smash Cake-4&#8243; _builder_version=&#8221;4.20.2&#8243; _module_preset=&#8221;default&#8221; custom_margin=&#8221;19%||||false|false&#8221; global_colors_info=&#8221;{}&#8221;][\/et_pb_image][et_pb_image src=&#8221;https:\/\/helenecourtonne.fr\/wp-content\/uploads\/2024\/03\/Helene-Courtonne-Photographie-Elynn-Smash-Cake-14-scaled.jpg&#8221; alt=&#8221;Helene Courtonne Photographie &#8211; Smash The Cake&#8221; title_text=&#8221;Helene Courtonne Photographie &#8211; Elynn Smash Cake-14&#8243; _builder_version=&#8221;4.20.2&#8243; _module_preset=&#8221;default&#8221; custom_margin=&#8221;-99%|-25%||35%|false|false&#8221; custom_margin_tablet=&#8221;0%|0%||0%|false|false&#8221; custom_margin_phone=&#8221;&#8221; custom_margin_last_edited=&#8221;on|tablet&#8221; border_width_all=&#8221;15px&#8221; border_color_all=&#8221;#ffffff&#8221; global_colors_info=&#8221;{}&#8221;][\/et_pb_image][\/et_pb_column][et_pb_column type=&#8221;1_3&#8243; _builder_version=&#8221;4.16&#8243; _module_preset=&#8221;default&#8221; global_colors_info=&#8221;{}&#8221;][et_pb_image src=&#8221;https:\/\/helenecourtonne.fr\/wp-content\/uploads\/2024\/02\/Helene-Courtonne-Photographie-Elynn-Smash-Cake-22-scaled.jpg&#8221; title_text=&#8221;Helene Courtonne Photographie &#8211; Elynn Smash Cake-22&#8243; _builder_version=&#8221;4.20.2&#8243; _module_preset=&#8221;default&#8221; global_colors_info=&#8221;{}&#8221;][\/et_pb_image][\/et_pb_column][\/et_pb_row][\/et_pb_section][et_pb_section fb_built=&#8221;1&#8243; admin_label=&#8221;Playful Content Module &#8211; BG Image 1900 x 906 pixels&#8221; module_class=&#8221;pegasus-content15&#8243; _builder_version=&#8221;4.20.2&#8243; use_background_color_gradient=&#8221;on&#8221; background_color_gradient_stops=&#8221;rgba(255,255,255,0.91) 0%|rgba(255,255,255,0.91) 100%&#8221; background_color_gradient_overlays_image=&#8221;on&#8221; background_color_gradient_start=&#8221;rgba(255,255,255,0.91)&#8221; background_color_gradient_end=&#8221;rgba(255,255,255,0.91)&#8221; background_image=&#8221;https:\/\/helenecourtonne.fr\/wp-content\/uploads\/2020\/09\/Flower01.png&#8221; background_size=&#8221;contain&#8221; custom_margin=&#8221;3%||3%||true|false&#8221; collapsed=&#8221;off&#8221; global_colors_info=&#8221;{}&#8221;][et_pb_row column_structure=&#8221;1_2,1_2&#8243; use_custom_gutter=&#8221;on&#8221; make_equal=&#8221;on&#8221; admin_label=&#8221;Playful Content Module&#8221; _builder_version=&#8221;4.20.2&#8243; background_size=&#8221;initial&#8221; background_position=&#8221;top_left&#8221; background_repeat=&#8221;repeat&#8221; custom_padding=&#8221;|||&#8221; use_custom_width=&#8221;on&#8221; custom_width_px=&#8221;1520px&#8221; collapsed=&#8221;off&#8221; global_colors_info=&#8221;{}&#8221;][et_pb_column type=&#8221;1_2&#8243; _builder_version=&#8221;4.20.2&#8243; custom_padding=&#8221;||||false|false&#8221; custom_css_main_element=&#8221; z-index: 11;||display: flex;||flex-direction: column;||justify-content: center;&#8221; global_colors_info=&#8221;{}&#8221; custom_padding__hover=&#8221;|||&#8221;][et_pb_text admin_label=&#8221;Title&#8221; _builder_version=&#8221;4.20.2&#8243; text_font=&#8221;Muli|600|||||||&#8221; text_font_size=&#8221;18px&#8221; text_line_height=&#8221;1.8em&#8221; header_font=&#8221;||||||||&#8221; header_font_size=&#8221;29px&#8221; header_2_font_size=&#8221;52px&#8221; header_2_line_height=&#8221;1.1em&#8221; z_index=&#8221;999&#8243; max_width_last_edited=&#8221;off|desktop&#8221; custom_margin=&#8221;|-211px|||false|false&#8221; custom_margin_tablet=&#8221;0px|0px||0px|false|false&#8221; custom_margin_phone=&#8221;&#8221; custom_margin_last_edited=&#8221;on|tablet&#8221; custom_padding=&#8221;||||false|false&#8221; custom_padding_last_edited=&#8221;off|desktop&#8221; header_2_text_align_tablet=&#8221;center&#8221; header_2_text_align_phone=&#8221;&#8221; header_2_text_align_last_edited=&#8221;on|phone&#8221; header_2_font_size_tablet=&#8221;40px&#8221; header_2_font_size_phone=&#8221;40px&#8221; header_2_font_size_last_edited=&#8221;on|phone&#8221; global_colors_info=&#8221;{}&#8221;]<\/p>\n<h2><span style=\"font-family: 'Modernline'; font-weight: normal; color: #a97e61; font-size: 60px;\">Smash The Cake<\/span><\/h2>\n<p>[\/et_pb_text][et_pb_text admin_label=&#8221;Paragraph&#8221; _builder_version=&#8221;4.20.2&#8243; text_line_height=&#8221;1.8em&#8221; header_font=&#8221;||||||||&#8221; header_2_font=&#8221;Muli|700|||||||&#8221; header_2_font_size=&#8221;50px&#8221; header_2_line_height=&#8221;1.4em&#8221; text_orientation=&#8221;justified&#8221; max_width_last_edited=&#8221;off|desktop&#8221; module_alignment=&#8221;right&#8221; custom_margin=&#8221;|||&#8221; custom_padding=&#8221;|||&#8221; custom_padding_tablet=&#8221;30px|0px|30px|0px&#8221; custom_padding_phone=&#8221;&#8221; custom_padding_last_edited=&#8221;on|tablet&#8221; link_option_url=&#8221;https:\/\/helenecourtonne.fr\/?page_id=1299&#8243; hover_enabled=&#8221;0&#8243; global_colors_info=&#8221;{}&#8221; sticky_enabled=&#8221;0&#8243;]<\/p>\n<p><!-- divi:paragraph --><\/p>\n<p><!-- divi:paragraph --><\/p>\n<p>Nous r\u00e9aliserons des portraits de votre bout de chou dont la bouille a tellement chang\u00e9 durant cette toute premi\u00e8re ann\u00e9e de vie bien remplie.<\/p>\n<p>Puis place au g\u00e2teau !<\/p>\n<p>\u00ab<strong><em>\u00a0Smash\u00a0the cake<\/em><\/strong> \u00bb signifie litt\u00e9ralement \u00ab\u00a0<em>fracasser le g\u00e2teau\u00a0<\/em>\u00bb en anglais, cela vous donne une petite id\u00e9e de la suite\u2026<\/p>\n<p><!-- \/divi:paragraph --> <!-- divi:paragraph --><\/p>\n<p>Nous installons un g\u00e2teau devant votre enfant pour immortaliser son premier anniversaire.<\/p>\n<p><!-- \/divi:paragraph --> <!-- divi:paragraph --><\/p>\n<p>Si dans un premier temps les enfants peuvent g\u00e9n\u00e9ralement h\u00e9siter \u00e0 le toucher, bien souvent ils vous regardent en se demandant \u00ab\u00a0<em>Est-ce que j\u2019ai vraiment le droit de faire \u00e7a ?!<\/em>\u00a0\u00bb, ce qui est tr\u00e8s dr\u00f4le \u00e0 voir. Une fois qu\u2019ils ont compris que ce g\u00e2teau est rien que pour eux et qu\u2019ils ont le droit d\u2019en faire ce qu\u2019ils veulent : c\u2019est parti pour la patouille et les jolies moustaches !<\/p>\n<p><!-- \/divi:paragraph --> <!-- divi:paragraph --><\/p>\n<p>Les <em>\u00ab\u00a0S\u00e9ances Smash The Cake\u00a0\u00bb<\/em> sont toujours un moment tr\u00e8s agr\u00e9able et il n\u2019est pas rare que vous soyez surpris des r\u00e9actions et autres mimiques de b\u00e9b\u00e9.<\/p>\n<p><strong>Quand et comment r\u00e9server<\/strong> ?<\/p>\n<p>Contacter moi 1 \u00e0 2 mois avant la date anniversaire de b\u00e9b\u00e9 afin de pouvoir r\u00e9aliser votre &#8220;S\u00e9ance Smash The Cake&#8221; au plus proche de son anniversaire.<\/p>\n<p>Si vous d\u00e9sirez recevoir avoir vos photos avant le &#8220;jour-J&#8221; de la date d&#8217;anniversaire de votre enfant, pensez bien \u00e0 anticiper votre &#8220;S\u00e9ance Smash The Cake&#8221; (Temps de post-traitement des photos et livraison de votre galerie). Ansi vous pourrez profiter de vos images avec vos proches en visionnant votre petite bouille pr\u00e9f\u00e9r\u00e9e pleine de d\u00e9licieux g\u00e2teau et d&#8217;\u00e9clats de rires durant les festivit\u00e9s.<\/p>\n<p><!-- \/divi:paragraph --><\/p>\n<p><!-- \/divi:paragraph --><\/p>\n<p>[\/et_pb_text][\/et_pb_column][et_pb_column type=&#8221;1_2&#8243; _builder_version=&#8221;4.16&#8243; custom_padding=&#8221;|||&#8221; global_colors_info=&#8221;{}&#8221; custom_padding__hover=&#8221;|||&#8221;][et_pb_image src=&#8221;https:\/\/helenecourtonne.fr\/wp-content\/uploads\/2024\/09\/Helene-Courtonne-Photographie-Smash-The-Cake-AM-26-sur-45-scaled.jpg&#8221; title_text=&#8221;Helene Courtonne Photographie &#8211; Smash The Cake A&#038;M (26 sur 45)&#8221; _builder_version=&#8221;4.20.2&#8243; _module_preset=&#8221;default&#8221; hover_enabled=&#8221;0&#8243; global_colors_info=&#8221;{}&#8221; sticky_enabled=&#8221;0&#8243;][\/et_pb_image][\/et_pb_column][\/et_pb_row][et_pb_row _builder_version=&#8221;4.20.2&#8243; _module_preset=&#8221;default&#8221; global_colors_info=&#8221;{}&#8221;][et_pb_column type=&#8221;4_4&#8243; _builder_version=&#8221;4.20.2&#8243; _module_preset=&#8221;default&#8221; global_colors_info=&#8221;{}&#8221;][et_pb_button button_url=&#8221;https:\/\/helenecourtonne.fr\/?page_id=1299&#8243; button_text=&#8221;TARIF S\u00c9ANCE SMASH THE CAKE : 250\u20ac&#8221; _builder_version=&#8221;4.20.2&#8243; _module_preset=&#8221;default&#8221; global_colors_info=&#8221;{}&#8221;][\/et_pb_button][\/et_pb_column][\/et_pb_row][et_pb_row _builder_version=&#8221;4.20.2&#8243; _module_preset=&#8221;default&#8221; global_colors_info=&#8221;{}&#8221;][et_pb_column type=&#8221;4_4&#8243; _builder_version=&#8221;4.20.2&#8243; _module_preset=&#8221;default&#8221; global_colors_info=&#8221;{}&#8221;][et_pb_text _builder_version=&#8221;4.20.2&#8243; _module_preset=&#8221;default&#8221; global_colors_info=&#8221;{}&#8221;]<\/p>\n<h2><span style=\"font-family: 'Modernline'; font-weight: normal; color: #a97e61; font-size: 60px;\">Offrez des souvenirs !<\/span><\/h2>\n<p><strong><\/strong><\/p>\n<p><strong><\/strong><\/p>\n<p><strong>Un cadeau parfait pour un premier anniversaire pr\u00e9cieux<\/strong><\/p>\n<p>Possibilit\u00e9 de r\u00e9aliser un \u00ab\u00a0<strong>Bon Cadeau<\/strong>\u00a0\u00bb \u00e0 offrir \u00e0 vos proches pour un pr\u00e9sent unique qui fera son effet. Car il n\u2019y a rien de plus pr\u00e9cieux et uniques que nos souvenirs !<\/p>\n<p>\u00c0 partir de deux s\u00e9ances photos r\u00e9alis\u00e9es avec moi dans l\u2019ann\u00e9e, b\u00e9n\u00e9ficiez d\u2019une remise de <strong>-10%<\/strong> sur vos prochaines s\u00e9ances photos (Hors remise(s) d\u00e9j\u00e0 existante(s)).<\/p>\n<p>[\/et_pb_text][\/et_pb_column][\/et_pb_row][\/et_pb_section]<\/p>\n","protected":false},"excerpt":{"rendered":"<p>S\u00e9ance Smash the Cake \u00c7a y est, le tout premier anniversaire de votre b\u00e9b\u00e9 approche \u00e0 grands pas et vous voulez faire quelque chose pour marquer cet \u00e9v\u00e8nement ? Venez partager un moment en famille dans la bonne humeur avec une \u00ab\u00a0S\u00e9ance Smash The Cake\u00a0\u00bb autour d\u2019un joli g\u00e2teau avec lequel b\u00e9b\u00e9 pourra s\u2019amuser.Smash The [&hellip;]<\/p>\n","protected":false},"author":1,"featured_media":0,"parent":0,"menu_order":0,"comment_status":"closed","ping_status":"closed","template":"","meta":{"_et_pb_use_builder":"on","_et_pb_old_content":"","_et_gb_content_width":"","_monsterinsights_skip_tracking":false,"_monsterinsights_sitenote_active":false,"_monsterinsights_sitenote_note":"","_monsterinsights_sitenote_category":0,"footnotes":""},"class_list":["post-1511","page","type-page","status-publish","hentry"],"aioseo_notices":[],"_links":{"self":[{"href":"https:\/\/helenecourtonne.fr\/index.php?rest_route=\/wp\/v2\/pages\/1511","targetHints":{"allow":["GET"]}}],"collection":[{"href":"https:\/\/helenecourtonne.fr\/index.php?rest_route=\/wp\/v2\/pages"}],"about":[{"href":"https:\/\/helenecourtonne.fr\/index.php?rest_route=\/wp\/v2\/types\/page"}],"author":[{"embeddable":true,"href":"https:\/\/helenecourtonne.fr\/index.php?rest_route=\/wp\/v2\/users\/1"}],"replies":[{"embeddable":true,"href":"https:\/\/helenecourtonne.fr\/index.php?rest_route=%2Fwp%2Fv2%2Fcomments&post=1511"}],"version-history":[{"count":9,"href":"https:\/\/helenecourtonne.fr\/index.php?rest_route=\/wp\/v2\/pages\/1511\/revisions"}],"predecessor-version":[{"id":1740,"href":"https:\/\/helenecourtonne.fr\/index.php?rest_route=\/wp\/v2\/pages\/1511\/revisions\/1740"}],"wp:attachment":[{"href":"https:\/\/helenecourtonne.fr\/index.php?rest_route=%2Fwp%2Fv2%2Fmedia&parent=1511"}],"curies":[{"name":"wp","href":"https:\/\/api.w.org\/{rel}","templated":true}]}}