{"id":1602,"date":"2024-02-10T23:10:03","date_gmt":"2024-02-10T22:10:03","guid":{"rendered":"https:\/\/helenecourtonne.fr\/?page_id=1602"},"modified":"2024-09-18T15:12:06","modified_gmt":"2024-09-18T13:12:06","slug":"1602-2","status":"publish","type":"page","link":"https:\/\/helenecourtonne.fr\/?page_id=1602","title":{"rendered":"S\u00e9ance Famille"},"content":{"rendered":"<p>[et_pb_section fb_built=&#8221;1&#8243; module_class=&#8221;meryl_light_background&#8221; _builder_version=&#8221;4.16&#8243; _module_preset=&#8221;default&#8221; background_color=&#8221;#faf4f0&#8243; global_colors_info=&#8221;{}&#8221;][et_pb_row _builder_version=&#8221;4.20.2&#8243; _module_preset=&#8221;default&#8221; global_colors_info=&#8221;{}&#8221;][et_pb_column type=&#8221;4_4&#8243; _builder_version=&#8221;4.20.2&#8243; _module_preset=&#8221;default&#8221; global_colors_info=&#8221;{}&#8221;][et_pb_text _builder_version=&#8221;4.20.2&#8243; _module_preset=&#8221;default&#8221; header_2_text_align=&#8221;center&#8221; header_2_font_size=&#8221;50px&#8221; text_font_tablet=&#8221;&#8221; text_font_phone=&#8221;&#8221; text_font_last_edited=&#8221;on|phone&#8221; header_2_font_size_tablet=&#8221;40px&#8221; header_2_font_size_phone=&#8221;35px&#8221; header_2_font_size_last_edited=&#8221;on|phone&#8221; global_colors_info=&#8221;{}&#8221;]<\/p>\n<h2><span style=\"font-family: 'Modernline'; font-weight: normal; color: #a97e61; font-size: 60px;\">S\u00e9ance Famille<\/span><\/h2>\n<p>[\/et_pb_text][\/et_pb_column][\/et_pb_row][et_pb_row column_structure=&#8221;1_3,1_3,1_3&#8243; use_custom_gutter=&#8221;on&#8221; make_equal=&#8221;on&#8221; _builder_version=&#8221;4.17.4&#8243; _module_preset=&#8221;default&#8221; global_colors_info=&#8221;{}&#8221;][et_pb_column type=&#8221;1_3&#8243; _builder_version=&#8221;4.17.4&#8243; _module_preset=&#8221;default&#8221; custom_css_main_element=&#8221;display: flex;||flex-direction: column;||justify-content: center;&#8221; global_colors_info=&#8221;{}&#8221;][et_pb_cta title=&#8221;La vie est belle en famille&#8221; button_url=&#8221;https:\/\/helenecourtonne.fr\/?page_id=1299&#8243; button_text=&#8221;R\u00c9SERVER MA S\u00c9ANCE FAMILLE&#8221; admin_label=&#8221;Heading, Subheading &#038; CTA Button&#8221; _builder_version=&#8221;4.20.2&#8243; header_level=&#8221;h1&#8243; header_text_align=&#8221;left&#8221; header_font_size=&#8221;60px&#8221; header_line_height=&#8221;1.2em&#8221; body_text_align=&#8221;left&#8221; body_line_height=&#8221;1.8em&#8221; use_background_color=&#8221;off&#8221; button_alignment=&#8221;left&#8221; background_layout=&#8221;light&#8221; custom_margin=&#8221;||||false|false&#8221; custom_margin_tablet=&#8221;3vw||3vw|&#8221; custom_margin_phone=&#8221;|||&#8221; custom_margin_last_edited=&#8221;on|desktop&#8221; animation_style=&#8221;fade&#8221; header_text_align_tablet=&#8221;center&#8221; header_text_align_phone=&#8221;&#8221; header_text_align_last_edited=&#8221;on|tablet&#8221; header_font_size_tablet=&#8221;&#8221; header_font_size_phone=&#8221;50px&#8221; header_font_size_last_edited=&#8221;on|phone&#8221; button_alignment_tablet=&#8221;center&#8221; button_alignment_phone=&#8221;&#8221; button_alignment_last_edited=&#8221;on|tablet&#8221; text_orientation_tablet=&#8221;center&#8221; text_orientation_phone=&#8221;&#8221; text_orientation_last_edited=&#8221;on|tablet&#8221; button_border_radius_hover=&#8221;0px&#8221; global_colors_info=&#8221;{}&#8221; button_text_size__hover_enabled=&#8221;off&#8221; button_one_text_size__hover_enabled=&#8221;off&#8221; button_two_text_size__hover_enabled=&#8221;off&#8221; button_text_color__hover_enabled=&#8221;off&#8221; button_one_text_color__hover_enabled=&#8221;off&#8221; button_two_text_color__hover_enabled=&#8221;off&#8221; button_border_width__hover_enabled=&#8221;off&#8221; button_one_border_width__hover_enabled=&#8221;off&#8221; button_two_border_width__hover_enabled=&#8221;off&#8221; button_border_color__hover_enabled=&#8221;off&#8221; button_one_border_color__hover_enabled=&#8221;off&#8221; button_two_border_color__hover_enabled=&#8221;off&#8221; button_border_radius__hover_enabled=&#8221;on&#8221; button_border_radius__hover=&#8221;0px&#8221; button_one_border_radius__hover_enabled=&#8221;off&#8221; button_two_border_radius__hover_enabled=&#8221;off&#8221; button_letter_spacing__hover_enabled=&#8221;off&#8221; button_one_letter_spacing__hover_enabled=&#8221;off&#8221; button_two_letter_spacing__hover_enabled=&#8221;off&#8221; button_bg_color__hover_enabled=&#8221;off&#8221; button_one_bg_color__hover_enabled=&#8221;off&#8221; button_two_bg_color__hover_enabled=&#8221;off&#8221;]<\/p>\n<p><!-- divi:paragraph --><\/p>\n<p style=\"text-align: justify;\">Venez partager un moment en famille dans la bonne humeur et la bienveillance en mettant en valeur chaque membre de votre tribu et ces liens sp\u00e9ciaux qui vous unissent.<!-- \/divi:paragraph --><\/p>\n<p style=\"text-align: justify;\">Envie d&#8217;une exp\u00e9rience familiale r\u00e9cr\u00e9ative en passant un bon moment tous ensemble mais pas juste une s\u00e9rie de portraits familiaux traditionnels ? \u00a0Alors la &#8220;<em>S\u00e9ance Famille&#8221; <\/em>est faite pour vous<em> !<\/em><\/p>\n<p>[\/et_pb_cta][\/et_pb_column][et_pb_column type=&#8221;1_3&#8243; _builder_version=&#8221;4.16&#8243; _module_preset=&#8221;default&#8221; global_colors_info=&#8221;{}&#8221;][et_pb_image src=&#8221;https:\/\/helenecourtonne.fr\/wp-content\/uploads\/2024\/02\/Helene-Courtonne-Photographie-Seance-Famille-cabourg-34-scaled.jpg&#8221; title_text=&#8221;Helene Courtonne Photographie &#8211; Seance Famille cabourg-34&#8243; _builder_version=&#8221;4.20.2&#8243; _module_preset=&#8221;default&#8221; custom_margin=&#8221;19%||||false|false&#8221; global_colors_info=&#8221;{}&#8221;][\/et_pb_image][et_pb_image src=&#8221;https:\/\/helenecourtonne.fr\/wp-content\/uploads\/2024\/02\/Helene-Courtonne-Photographie-Famille-Laine-12-scaled.jpg&#8221; title_text=&#8221;Helene Courtonne Photographie &#8211; S\u00e9ance Famille&#8221; _builder_version=&#8221;4.20.2&#8243; _module_preset=&#8221;default&#8221; custom_margin=&#8221;-99%|-25%||35%|false|false&#8221; custom_margin_tablet=&#8221;0%|0%||0%|false|false&#8221; custom_margin_phone=&#8221;&#8221; custom_margin_last_edited=&#8221;on|tablet&#8221; border_width_all=&#8221;15px&#8221; border_color_all=&#8221;#ffffff&#8221; global_colors_info=&#8221;{}&#8221;][\/et_pb_image][\/et_pb_column][et_pb_column type=&#8221;1_3&#8243; _builder_version=&#8221;4.16&#8243; _module_preset=&#8221;default&#8221; global_colors_info=&#8221;{}&#8221;][et_pb_image src=&#8221;https:\/\/helenecourtonne.fr\/wp-content\/uploads\/2024\/02\/Helene-Courtonne-Photographie-Ella-Seance-Famille-30-scaled.jpg&#8221; title_text=&#8221;Helene Courtonne Photographie &#8211; S\u00e9ance Famille&#8221; _builder_version=&#8221;4.20.2&#8243; _module_preset=&#8221;default&#8221; global_colors_info=&#8221;{}&#8221;][\/et_pb_image][\/et_pb_column][\/et_pb_row][\/et_pb_section][et_pb_section fb_built=&#8221;1&#8243; admin_label=&#8221;Playful Content Module &#8211; BG Image 1900 x 906 pixels&#8221; module_class=&#8221;pegasus-content15&#8243; _builder_version=&#8221;4.20.2&#8243; use_background_color_gradient=&#8221;on&#8221; background_color_gradient_stops=&#8221;rgba(255,255,255,0.91) 0%|rgba(255,255,255,0.91) 100%&#8221; background_color_gradient_overlays_image=&#8221;on&#8221; background_color_gradient_start=&#8221;rgba(255,255,255,0.91)&#8221; background_color_gradient_end=&#8221;rgba(255,255,255,0.91)&#8221; background_image=&#8221;https:\/\/helenecourtonne.fr\/wp-content\/uploads\/2020\/09\/Flower01.png&#8221; background_size=&#8221;contain&#8221; custom_margin=&#8221;3%||3%||true|false&#8221; collapsed=&#8221;off&#8221; global_colors_info=&#8221;{}&#8221;][et_pb_row column_structure=&#8221;1_2,1_2&#8243; use_custom_gutter=&#8221;on&#8221; make_equal=&#8221;on&#8221; admin_label=&#8221;Playful Content Module&#8221; _builder_version=&#8221;4.20.2&#8243; background_size=&#8221;initial&#8221; background_position=&#8221;top_left&#8221; background_repeat=&#8221;repeat&#8221; custom_padding=&#8221;|||&#8221; use_custom_width=&#8221;on&#8221; custom_width_px=&#8221;1520px&#8221; collapsed=&#8221;off&#8221; global_colors_info=&#8221;{}&#8221;][et_pb_column type=&#8221;1_2&#8243; _builder_version=&#8221;4.20.2&#8243; custom_padding=&#8221;||||false|false&#8221; custom_css_main_element=&#8221; z-index: 11;||display: flex;||flex-direction: column;||justify-content: center;&#8221; global_colors_info=&#8221;{}&#8221; custom_padding__hover=&#8221;|||&#8221;][et_pb_text admin_label=&#8221;Title&#8221; _builder_version=&#8221;4.20.2&#8243; text_font=&#8221;Muli|600|||||||&#8221; text_font_size=&#8221;18px&#8221; text_line_height=&#8221;1.8em&#8221; header_font=&#8221;||||||||&#8221; header_font_size=&#8221;29px&#8221; header_2_font_size=&#8221;52px&#8221; header_2_line_height=&#8221;1.1em&#8221; z_index=&#8221;999&#8243; max_width_last_edited=&#8221;off|desktop&#8221; custom_margin=&#8221;|-211px|||false|false&#8221; custom_margin_tablet=&#8221;0px|0px||0px|false|false&#8221; custom_margin_phone=&#8221;&#8221; custom_margin_last_edited=&#8221;on|tablet&#8221; custom_padding=&#8221;||||false|false&#8221; custom_padding_last_edited=&#8221;off|desktop&#8221; hover_enabled=&#8221;0&#8243; header_2_text_align_tablet=&#8221;center&#8221; header_2_text_align_phone=&#8221;&#8221; header_2_text_align_last_edited=&#8221;on|phone&#8221; header_2_font_size_tablet=&#8221;40px&#8221; header_2_font_size_phone=&#8221;40px&#8221; header_2_font_size_last_edited=&#8221;on|phone&#8221; global_colors_info=&#8221;{}&#8221; sticky_enabled=&#8221;0&#8243;]<\/p>\n<h2><span style=\"font-family: 'Modernline'; font-weight: normal; color: #a97e61; font-size: 60px;\">S\u00e9ance Famille<\/span><\/h2>\n<p>[\/et_pb_text][et_pb_text admin_label=&#8221;Paragraph&#8221; _builder_version=&#8221;4.20.2&#8243; text_line_height=&#8221;1.8em&#8221; header_font=&#8221;||||||||&#8221; header_2_font=&#8221;Muli|700|||||||&#8221; header_2_font_size=&#8221;50px&#8221; header_2_line_height=&#8221;1.4em&#8221; text_orientation=&#8221;justified&#8221; max_width_last_edited=&#8221;off|desktop&#8221; module_alignment=&#8221;right&#8221; custom_margin=&#8221;|||&#8221; custom_padding=&#8221;|||&#8221; custom_padding_tablet=&#8221;30px|0px|30px|0px&#8221; custom_padding_phone=&#8221;&#8221; custom_padding_last_edited=&#8221;on|tablet&#8221; hover_enabled=&#8221;0&#8243; global_colors_info=&#8221;{}&#8221; sticky_enabled=&#8221;0&#8243;]<\/p>\n<p>Vous r\u00eavez de beaux clich\u00e9s de votre famille\u2026 Mais r\u00e9unir tout le monde pour une photo autre qu\u2019un selfie est devenu un vrai casse-t\u00eate ?<\/p>\n<p>Accordez-vous un instant en famille en dehors de votre quotidien autour d\u2019une \u00ab<strong><i>S\u00e9ance Famille<\/i><\/strong>\u00bb en vous connectant \u00e0 vos proches sans prise de t\u00eate.<\/p>\n<p>Choisissons un lieu qui compte pour vous, que vous aimez, pour organisez votre \u00ab<i>S\u00e9ance Famille<\/i>\u00bb afin de personnaliser encore plus celle-ci. Cela enrichie d\u2019avantage la valeur \u00e9motionnelle de vos images et vous permet de vous sentir plus \u00e0 l\u2019aise que dans un lieu qui ne vous ressemble pas.<span class=\"Apple-converted-space\">\u00a0<\/span><\/p>\n<p>Nous prenons toujours le temps de discuter de vous, de votre histoire, de vos envies afin que votre \u00ab\u00a0<i>S\u00e9ance Famille<\/i>\u00a0\u00bb soit \u00e0 votre image.<\/p>\n<p>J\u2019ai donc besoin d\u2019<strong>en savoir plus sur vous<\/strong> en amont pour pouvoir cr\u00e9er un \u00ab\u00a0cocon\u00a0\u00bb<span class=\"Apple-converted-space\">\u00a0 <\/span>bienveillant et que votre \u00ab\u00a0<i>S\u00e9ance Famille<\/i> \u00bb soit un moment agr\u00e9able et devienne ensuite de doux souvenirs<\/p>\n<p>Comme pour chacune de mes s\u00e9ances photos le principal pour moi reste le bien-\u00eatre des participants avant tout, je serai l\u00e0 pour <strong>vous guider<\/strong>, <strong>vous \u00e9couter<\/strong>, mais jamais pour vous imposer des \u00ab pauses \u00bb. J\u2019aime inviter ceux que je photographie \u00e0 faire des choses simples car c\u2019est l\u00e0 que ressortent ces \u00ab\u00a0petits riens\u00a0\u00bb que vous faites sans vous en apercevoir mais qui ont pourtant la plus grande valeur et que je sais capter \u00e0 travers mon objectif.<\/p>\n<p>La dur\u00e9e d\u2019une \u00ab <i>S\u00e9ance Famille <\/i>\u00bb est en moyenne d\u2019<strong>1H<\/strong> \u00e0 <strong>1H30<\/strong> (selon le nombre de participants) pour nous laisser le temps de profiter du moment.<\/p>\n<p>Le jour de votre \u00ab<i> S\u00e9ance Famille<\/i>\u00a0\u00bb privil\u00e9giez des <strong>tenues unies<\/strong> et dans des <strong>teintes accord\u00e9es<\/strong> pour les diff\u00e9rents participants \u00e0 la s\u00e9ance photos. L\u2019essentiel \u00e9tant que vous vous sentiez bien et \u00e0 l\u2019aise dans ce que vous portez. Des <strong>couleurs harmonis\u00e9es et claires<\/strong> vous permettront de profiter de vos images de mani\u00e8re optimale et intemporelle.<\/p>\n<p><strong>Quand et comment r\u00e9server<\/strong> ?<\/p>\n<p>Contactez-moi pour que nous puissions discuter ensemble de vos envies et ainsi programmer votre \u00ab <i>S\u00e9ance Famille<\/i> \u00bb sereinement en trouvant le meilleur moment pour organiser la prise de vue.<\/p>\n<p><span class=\"Apple-converted-space\"><\/span><\/p>\n<p>[\/et_pb_text][\/et_pb_column][et_pb_column type=&#8221;1_2&#8243; _builder_version=&#8221;4.16&#8243; custom_padding=&#8221;|||&#8221; global_colors_info=&#8221;{}&#8221; custom_padding__hover=&#8221;|||&#8221;][et_pb_image src=&#8221;https:\/\/helenecourtonne.fr\/wp-content\/uploads\/2024\/09\/Helene-Courtonne-Photographie-Famille-NUGUES-20-sur-43-scaled.jpg&#8221; title_text=&#8221;Helene Courtonne Photographie &#8211; Famille &#8221; _builder_version=&#8221;4.20.2&#8243; _module_preset=&#8221;default&#8221; hover_enabled=&#8221;0&#8243; global_colors_info=&#8221;{}&#8221; sticky_enabled=&#8221;0&#8243;][\/et_pb_image][\/et_pb_column][\/et_pb_row][et_pb_row _builder_version=&#8221;4.20.2&#8243; _module_preset=&#8221;default&#8221; global_colors_info=&#8221;{}&#8221;][et_pb_column type=&#8221;4_4&#8243; _builder_version=&#8221;4.20.2&#8243; _module_preset=&#8221;default&#8221; global_colors_info=&#8221;{}&#8221;][et_pb_button button_url=&#8221;https:\/\/helenecourtonne.fr\/?page_id=1299&#8243; button_text=&#8221;TARIF S\u00c9ANCE FAMILLE : 300\u20ac&#8221; _builder_version=&#8221;4.20.2&#8243; _module_preset=&#8221;default&#8221; global_colors_info=&#8221;{}&#8221;][\/et_pb_button][\/et_pb_column][\/et_pb_row][et_pb_row _builder_version=&#8221;4.20.2&#8243; _module_preset=&#8221;default&#8221; global_colors_info=&#8221;{}&#8221;][et_pb_column type=&#8221;4_4&#8243; _builder_version=&#8221;4.20.2&#8243; _module_preset=&#8221;default&#8221; global_colors_info=&#8221;{}&#8221;][et_pb_text _builder_version=&#8221;4.20.2&#8243; _module_preset=&#8221;default&#8221; global_colors_info=&#8221;{}&#8221;]<\/p>\n<h2><span style=\"font-family: 'Modernline'; font-weight: normal; color: #a97e61; font-size: 60px;\"><\/span><\/h2>\n<h2><span style=\"font-family: 'Modernline'; font-weight: normal; color: #a97e61; font-size: 60px;\">Encore plus de souvenirs&#8230;<\/span><\/h2>\n<p>&nbsp;<\/p>\n<p>Possibilit\u00e9 de r\u00e9aliser un \u00ab\u00a0<strong><em>Bon Cadeau<\/em><\/strong> \u00bb \u00e0 offrir comme cadeau de mariage, ou toute autre occasion, \u00e0 vos proches pour un pr\u00e9sent unique qui fera son effet. Car il n\u2019y a rien de plus pr\u00e9cieux et uniques que nos souvenirs !<\/p>\n<p>\u00c0 partir de deux s\u00e9ances photos r\u00e9alis\u00e9es avec moi dans l\u2019ann\u00e9e, b\u00e9n\u00e9ficiez d\u2019une remise de <strong>-10%<\/strong> sur vos prochaines s\u00e9ances photos (<em>Hors remise(s) d\u00e9j\u00e0 existante(s)<\/em>).<\/p>\n<p>[\/et_pb_text][\/et_pb_column][\/et_pb_row][\/et_pb_section]<\/p>\n","protected":false},"excerpt":{"rendered":"<p>S\u00e9ance Famille Venez partager un moment en famille dans la bonne humeur et la bienveillance en mettant en valeur chaque membre de votre tribu et ces liens sp\u00e9ciaux qui vous unissent. Envie d&#8217;une exp\u00e9rience familiale r\u00e9cr\u00e9ative en passant un bon moment tous ensemble mais pas juste une s\u00e9rie de portraits familiaux traditionnels ? \u00a0Alors la [&hellip;]<\/p>\n","protected":false},"author":1,"featured_media":0,"parent":0,"menu_order":0,"comment_status":"closed","ping_status":"closed","template":"","meta":{"_et_pb_use_builder":"on","_et_pb_old_content":"","_et_gb_content_width":"","_monsterinsights_skip_tracking":false,"_monsterinsights_sitenote_active":false,"_monsterinsights_sitenote_note":"","_monsterinsights_sitenote_category":0,"footnotes":""},"class_list":["post-1602","page","type-page","status-publish","hentry"],"aioseo_notices":[],"_links":{"self":[{"href":"https:\/\/helenecourtonne.fr\/index.php?rest_route=\/wp\/v2\/pages\/1602","targetHints":{"allow":["GET"]}}],"collection":[{"href":"https:\/\/helenecourtonne.fr\/index.php?rest_route=\/wp\/v2\/pages"}],"about":[{"href":"https:\/\/helenecourtonne.fr\/index.php?rest_route=\/wp\/v2\/types\/page"}],"author":[{"embeddable":true,"href":"https:\/\/helenecourtonne.fr\/index.php?rest_route=\/wp\/v2\/users\/1"}],"replies":[{"embeddable":true,"href":"https:\/\/helenecourtonne.fr\/index.php?rest_route=%2Fwp%2Fv2%2Fcomments&post=1602"}],"version-history":[{"count":8,"href":"https:\/\/helenecourtonne.fr\/index.php?rest_route=\/wp\/v2\/pages\/1602\/revisions"}],"predecessor-version":[{"id":1733,"href":"https:\/\/helenecourtonne.fr\/index.php?rest_route=\/wp\/v2\/pages\/1602\/revisions\/1733"}],"wp:attachment":[{"href":"https:\/\/helenecourtonne.fr\/index.php?rest_route=%2Fwp%2Fv2%2Fmedia&parent=1602"}],"curies":[{"name":"wp","href":"https:\/\/api.w.org\/{rel}","templated":true}]}}