{"id":252,"date":"2020-09-10T11:38:07","date_gmt":"2020-09-10T11:38:07","guid":{"rendered":"http:\/\/demosdivi.lovelyconfetti.com\/meryl\/?page_id=252"},"modified":"2024-03-19T09:41:52","modified_gmt":"2024-03-19T08:41:52","slug":"about","status":"publish","type":"page","link":"https:\/\/helenecourtonne.fr\/?page_id=252","title":{"rendered":"Votre Photographe"},"content":{"rendered":"<p>[et_pb_section fb_built=&#8221;1&#8243; fullwidth=&#8221;on&#8221; _builder_version=&#8221;4.20.2&#8243; _module_preset=&#8221;default&#8221; background_color=&#8221;RGBA(255,255,255,0)&#8221; background_image=&#8221;https:\/\/helenecourtonne.fr\/wp-content\/uploads\/2024\/01\/logo-HCP-bande.png&#8221; bottom_divider_style=&#8221;triangle&#8221; bottom_divider_color=&#8221;#ffffff&#8221; bottom_divider_height=&#8221;50px&#8221; bottom_divider_style_last_edited=&#8221;off|desktop&#8221; bottom_divider_height_tablet=&#8221;35px&#8221; bottom_divider_height_phone=&#8221;25px&#8221; bottom_divider_height_last_edited=&#8221;on|phone&#8221; global_colors_info=&#8221;{}&#8221;][et_pb_fullwidth_header subhead=&#8221;.&#8221; text_orientation=&#8221;center&#8221; _builder_version=&#8221;4.20.2&#8243; _module_preset=&#8221;default&#8221; title_font_size=&#8221;40px&#8221; subhead_font=&#8221;||||||||&#8221; subhead_text_align=&#8221;center&#8221; subhead_letter_spacing=&#8221;1px&#8221; subhead_line_height=&#8221;1.1em&#8221; background_color=&#8221;#FFFFFF&#8221; background_image=&#8221;https:\/\/helenecourtonne.fr\/wp-content\/uploads\/2024\/02\/HCP-script.png&#8221; background_blend=&#8221;multiply&#8221; custom_margin=&#8221;||||false|false&#8221; custom_padding=&#8221;4%||4%||true|false&#8221; background_last_edited=&#8221;on|desktop&#8221; global_colors_info=&#8221;{}&#8221;][\/et_pb_fullwidth_header][\/et_pb_section][et_pb_section fb_built=&#8221;1&#8243; _builder_version=&#8221;4.20.2&#8243; _module_preset=&#8221;default&#8221; custom_margin=&#8221;||0px||false|false&#8221; custom_padding=&#8221;||0px||false|false&#8221; global_colors_info=&#8221;{}&#8221;][et_pb_row column_structure=&#8221;1_2,1_2&#8243; use_custom_gutter=&#8221;on&#8221; make_equal=&#8221;on&#8221; _builder_version=&#8221;4.20.2&#8243; _module_preset=&#8221;default&#8221; hover_enabled=&#8221;0&#8243; global_colors_info=&#8221;{}&#8221; sticky_enabled=&#8221;0&#8243;][et_pb_column type=&#8221;1_2&#8243; _builder_version=&#8221;4.17.4&#8243; _module_preset=&#8221;default&#8221; positioning=&#8221;none&#8221; z_index=&#8221;999&#8243; custom_css_main_element=&#8221;display: flex;||flex-direction: column;||justify-content: center;&#8221; global_colors_info=&#8221;{}&#8221;][et_pb_text _builder_version=&#8221;4.20.2&#8243; _module_preset=&#8221;default&#8221; text_font_size=&#8221;16px&#8221; text_line_height=&#8221;2em&#8221; header_text_align=&#8221;left&#8221; header_font_size=&#8221;40px&#8221; header_2_font_size=&#8221;45px&#8221; header_2_line_height=&#8221;1.2em&#8221; positioning=&#8221;relative&#8221; z_index=&#8221;999&#8243; custom_margin=&#8221;|-100px|||false|false&#8221; custom_margin_tablet=&#8221;|0px|||false|false&#8221; custom_margin_phone=&#8221;&#8221; custom_margin_last_edited=&#8221;on|tablet&#8221; header_2_text_align_tablet=&#8221;center&#8221; header_2_text_align_phone=&#8221;&#8221; header_2_text_align_last_edited=&#8221;on|phone&#8221; header_2_font_size_tablet=&#8221;45px&#8221; header_2_font_size_phone=&#8221;45px&#8221; header_2_font_size_last_edited=&#8221;on|tablet&#8221; text_orientation_tablet=&#8221;&#8221; text_orientation_phone=&#8221;&#8221; text_orientation_last_edited=&#8221;on|tablet&#8221; global_colors_info=&#8221;{}&#8221;]<\/p>\n<h2>Bonjour, je suis<span style=\"color: #a97e61; font-size: 55px; font-family: 'Modernline';\"> H\u00e9l\u00e8ne<\/span><\/h2>\n<p>[\/et_pb_text][et_pb_text _builder_version=&#8221;4.20.2&#8243; _module_preset=&#8221;default&#8221; text_letter_spacing=&#8221;1px&#8221; text_orientation=&#8221;justified&#8221; custom_padding=&#8221;||4vw||false|false&#8221; hover_enabled=&#8221;0&#8243; text_font_size_tablet=&#8221;&#8221; text_font_size_phone=&#8221;&#8221; text_font_size_last_edited=&#8221;on|tablet&#8221; global_colors_info=&#8221;{}&#8221; sticky_enabled=&#8221;0&#8243;]<\/p>\n<p>Moi c\u2019est H\u00e9l\u00e8ne, passionn\u00e9e avant tout, je me suis form\u00e9e et perfectionn\u00e9e au fil des ann\u00e9es avant de devenir photographe professionnelle en 2016.<\/p>\n<p>C&#8217;est durant les diff\u00e9rents temps forts de ma vie que j\u2019ai pris conscience de la puissance que peuvent avoir certaines photos et surtout \u00e0 quel point les souvenirs sont importants, car ce sont eux qui bercent notre quotidien.<\/p>\n<p>Mari\u00e9e et maman d\u2019une petite fille, la famille est \u00e0 mes yeux l\u2019essentiel, le socle de l\u2019amour sous toutes ses formes.<span class=\"Apple-converted-space\">\u00a0 <\/span>Ce sont toutes les petites attentions, les gestes, les regards&#8230; que j&#8217;aime capter pour pouvoir en revivre les sensations en en visionnant les images comme des petits tr\u00e9sors que l&#8217;on garde pr\u00e9cieusement.<\/p>\n<p>\u00c9tant moi-m\u00eame maman, je sais \u00d4 combien on aimerait garder en t\u00eate chaque d\u00e9tail de ces petits \u00eatres qui grandissent <em>(bien trop vite !<\/em>) sous nos yeux\u2026<\/p>\n<p>D&#8217;un naturel calme et \u00e0 l\u2019\u00e9coute, je suis tr\u00e8s attentive \u00e0 mon environnement. J&#8217;aime voyager et d\u00e9couvrir des nouvelles choses avec ma famille pour qui j&#8217;adore faire des petites surprises au quotidien.<span class=\"Apple-converted-space\">\u00a0<\/span><\/p>\n<p><span class=\"Apple-converted-space\">Avoir un nouveau projet en t\u00eate est ce qui me motive chaque jour. J&#8217;aime avoir des objectifs que je peaufine avec passion et toujours avec le coeur.<\/span><span class=\"Apple-converted-space\">\u00a0<\/span><\/p>\n<p><span><\/span><\/p>\n<p>[\/et_pb_text][et_pb_image src=&#8221;https:\/\/helenecourtonne.fr\/wp-content\/uploads\/2024\/02\/Helene-Courtonne-Photographie-PORTRAIT-4-scaled.jpg&#8221; title_text=&#8221;Helene Courtonne Photographie -PORTRAIT-4&#8243; _builder_version=&#8221;4.20.2&#8243; _module_preset=&#8221;default&#8221; positioning=&#8221;relative&#8221; z_index=&#8221;9&#8243; global_colors_info=&#8221;{}&#8221;][\/et_pb_image][\/et_pb_column][et_pb_column type=&#8221;1_2&#8243; _builder_version=&#8221;4.16&#8243; _module_preset=&#8221;default&#8221; background_color=&#8221;rgba(0,0,0,0)&#8221; global_colors_info=&#8221;{}&#8221;][et_pb_image src=&#8221;https:\/\/helenecourtonne.fr\/wp-content\/uploads\/2024\/02\/Helene-Courtonne-Photographie-PORTRAIT-scaled.jpg&#8221; title_text=&#8221;Helene Courtonne Photographie -PORTRAIT&#8221; _builder_version=&#8221;4.20.2&#8243; _module_preset=&#8221;default&#8221; positioning=&#8221;relative&#8221; z_index=&#8221;9&#8243; global_colors_info=&#8221;{}&#8221;][\/et_pb_image][et_pb_text _builder_version=&#8221;4.20.2&#8243; _module_preset=&#8221;default&#8221; text_font_size=&#8221;16px&#8221; text_line_height=&#8221;2em&#8221; header_text_align=&#8221;left&#8221; header_font_size=&#8221;40px&#8221; header_2_font_size=&#8221;45px&#8221; header_2_line_height=&#8221;1.2em&#8221; positioning=&#8221;relative&#8221; z_index=&#8221;999&#8243; custom_margin=&#8221;|-100px|||false|false&#8221; custom_margin_tablet=&#8221;|0px|||false|false&#8221; custom_margin_phone=&#8221;&#8221; custom_margin_last_edited=&#8221;on|tablet&#8221; header_2_text_align_tablet=&#8221;center&#8221; header_2_text_align_phone=&#8221;&#8221; header_2_text_align_last_edited=&#8221;on|phone&#8221; header_2_font_size_tablet=&#8221;45px&#8221; header_2_font_size_phone=&#8221;45px&#8221; header_2_font_size_last_edited=&#8221;on|tablet&#8221; text_orientation_tablet=&#8221;&#8221; text_orientation_phone=&#8221;&#8221; text_orientation_last_edited=&#8221;on|tablet&#8221; global_colors_info=&#8221;{}&#8221;]<\/p>\n<h2><span style=\"color: #a97e61; font-size: 55px; font-family: 'Modernline';\">\u00a0<\/span><\/h2>\n<h2><span style=\"color: #a97e61; font-size: 55px; font-family: 'Modernline';\">Ma vision,<\/span><\/h2>\n<h2><span style=\"color: #a97e61; font-size: 55px; font-family: 'Modernline';\"> mon travail<\/span><\/h2>\n<p>[\/et_pb_text][et_pb_text _builder_version=&#8221;4.20.2&#8243; _module_preset=&#8221;default&#8221; text_letter_spacing=&#8221;1px&#8221; text_orientation=&#8221;justified&#8221; custom_padding=&#8221;||4vw||false|false&#8221; hover_enabled=&#8221;0&#8243; text_font_size_tablet=&#8221;&#8221; text_font_size_phone=&#8221;&#8221; text_font_size_last_edited=&#8221;on|tablet&#8221; global_colors_info=&#8221;{}&#8221; sticky_enabled=&#8221;0&#8243;]<\/p>\n<p>\u00ab <em>Photographier les gens qui s\u2019aiment<\/em>\u00a0\u00bb Voil\u00e0 comment j\u2019aime d\u00e9crire ce que je fais.<\/p>\n<p>Je valorise la connexion humaine, la famille et la cr\u00e9ation de souvenirs durables.<br \/>Aller au del\u00e0 de \u00ab\u00a0juste une photographe\u00a0\u00bb et devenir la conteuse visuelle qui raconte vos histoires \u00e0 travers mes images.<br \/>C\u2019est cette perception que je souhaite vous transmettre \u00e0 travers chaque clich\u00e9 que je capte.<\/p>\n<p>Ma philosophie est celle du reportage. Ma vision des choses est profond\u00e9ment ancr\u00e9e dans l&#8217;appr\u00e9ciation des moments pr\u00e9cieux de la vie, dans la recherche de beaut\u00e9 et de sensibilit\u00e9 dans les d\u00e9tails du quotidien.<span class=\"Apple-converted-space\">\u00a0<\/span><\/p>\n<p>Mettre en valeur des instants pris sur le vif, ces fragments de vies qui font les plus beaux souvenirs.<\/p>\n<p>J\u2019ai pour but de capturer chaque moment de la mani\u00e8re la plus authentique. Je fais partie de ces photographes qui privil\u00e9gient la spontan\u00e9it\u00e9 et le naturel pour retranscrire ce que vous \u00eates et non \u00ab\u00a0<em>l\u2019image parfaite<\/em>\u00a0\u00bb visuellement magnifique mais qui dans le fond serait nettement moins pr\u00e9cieuse.<\/p>\n<p>Une \u00ab\u00a0<i>s\u00e9ance photos<\/i>\u00a0\u00bb ce n\u2019est pas \u00ab\u00a0prendre la pause\u00a0\u00bb et sourire devant l\u2019appareil. Non.<\/p>\n<p>C\u2019est avant tout un moment de partage et de connexion avec votre partenaire, votre famille\u2026 C\u2019est se cr\u00e9er des souvenirs et les revivre \u00e0 chaque fois que en visionne les images.<\/p>\n<p>J\u2019attache de l&#8217;importance \u00e0 \u00e9tablir une connexion authentique avec les gens avant de les photographier.<span class=\"Apple-converted-space\">\u00a0<\/span><\/p>\n<p>La confiance et la compr\u00e9hension mutuelle sont essentielles pour capturer des moments significatifs et authentiques. En prenant le temps de vous conna\u00eetre vous et votre histoire, nous cr\u00e9ons un environnement o\u00f9 vous vous sentirez \u00e0 l&#8217;aise et en confiance, ce qui se refl\u00e8tera dans les images finales.<\/p>\n<p>Ensuite, c\u2019est \u00e0 moi de jouer : le langage corporel, les d\u00e9tails, la lumi\u00e8re, mais aussi les mati\u00e8res sont mes terrains de jeux favoris. Savoir capter les diff\u00e9rents\u00a0petits\u00a0\u00e9l\u00e9ments qui m\u2019entourent pour ensuite les transmettre avec mon regard \u00e0 travers mes photos.<\/p>\n<p>Il n\u2019y a pas plus beau cadeau que d\u2019offrir des souvenirs car ce sont eux qui bercent notre quotidien. Je serai heureuse de vous aider \u00e0 choyer les v\u00f4tres.<\/p>\n<p><span><\/span><\/p>\n<p>[\/et_pb_text][\/et_pb_column][\/et_pb_row][\/et_pb_section][et_pb_section fb_built=&#8221;1&#8243; _builder_version=&#8221;4.20.2&#8243; _module_preset=&#8221;default&#8221; background_color=&#8221;RGBA(255,255,255,0)&#8221; background_enable_image=&#8221;off&#8221; background_blend=&#8221;multiply&#8221; global_colors_info=&#8221;{}&#8221;][et_pb_row _builder_version=&#8221;4.20.2&#8243; _module_preset=&#8221;default&#8221; global_colors_info=&#8221;{}&#8221;][et_pb_column type=&#8221;4_4&#8243; _builder_version=&#8221;4.16&#8243; _module_preset=&#8221;default&#8221; global_colors_info=&#8221;{}&#8221;][et_pb_cta title=&#8221;Organisons ensemble votre s\u00e9ance photos&#8221; button_url=&#8221;https:\/\/helenecourtonne.fr\/?page_id=1299&#8243; button_text=&#8221;Parlez-moi de vous !&#8221; button_text_last_edited=&#8221;off|desktop&#8221; _builder_version=&#8221;4.20.2&#8243; _module_preset=&#8221;default&#8221; header_font_size=&#8221;46px&#8221; header_letter_spacing=&#8221;1px&#8221; header_line_height=&#8221;1.2em&#8221; body_text_align=&#8221;center&#8221; body_font_size=&#8221;14px&#8221; body_line_height=&#8221;1.8em&#8221; background_color=&#8221;RGBA(255,255,255,0)&#8221; background_enable_image=&#8221;off&#8221; global_colors_info=&#8221;{}&#8221; button_text__hover_enabled=&#8221;on|desktop&#8221; button_text__hover=&#8221;Parlez-moi de vous !&#8221;]<\/p>\n<p>Parlez-moi de vous, de votre projet&#8230;<\/p>\n<p>Organisons votre s\u00e9ance photos personnalis\u00e9e enti\u00e8rement \u00e0 l&#8217;\u00e9coute de vos envies dont nous discuterons ensemble.<\/p>\n<p>[\/et_pb_cta][\/et_pb_column][\/et_pb_row][\/et_pb_section][et_pb_section fb_built=&#8221;1&#8243; _builder_version=&#8221;4.20.2&#8243; _module_preset=&#8221;default&#8221; global_colors_info=&#8221;{}&#8221;][et_pb_row _builder_version=&#8221;4.20.2&#8243; _module_preset=&#8221;default&#8221; global_colors_info=&#8221;{}&#8221;][et_pb_column type=&#8221;4_4&#8243; _builder_version=&#8221;4.20.2&#8243; _module_preset=&#8221;default&#8221; global_colors_info=&#8221;{}&#8221;][et_pb_video src=&#8221;https:\/\/helenecourtonne.fr\/wp-content\/uploads\/2024\/03\/Video-HCP-.mp4&#8243; _builder_version=&#8221;4.20.2&#8243; _module_preset=&#8221;default&#8221; global_colors_info=&#8221;{}&#8221;][\/et_pb_video][\/et_pb_column][\/et_pb_row][\/et_pb_section]<\/p>\n","protected":false},"excerpt":{"rendered":"<p>Bonjour, je suis H\u00e9l\u00e8neMoi c\u2019est H\u00e9l\u00e8ne, passionn\u00e9e avant tout, je me suis form\u00e9e et perfectionn\u00e9e au fil des ann\u00e9es avant de devenir photographe professionnelle en 2016. C&#8217;est durant les diff\u00e9rents temps forts de ma vie que j\u2019ai pris conscience de la puissance que peuvent avoir certaines photos et surtout \u00e0 quel point les souvenirs sont [&hellip;]<\/p>\n","protected":false},"author":1,"featured_media":0,"parent":0,"menu_order":0,"comment_status":"closed","ping_status":"closed","template":"","meta":{"_et_pb_use_builder":"on","_et_pb_old_content":"","_et_gb_content_width":"","_monsterinsights_skip_tracking":false,"_monsterinsights_sitenote_active":false,"_monsterinsights_sitenote_note":"","_monsterinsights_sitenote_category":0,"footnotes":""},"class_list":["post-252","page","type-page","status-publish","hentry"],"aioseo_notices":[],"_links":{"self":[{"href":"https:\/\/helenecourtonne.fr\/index.php?rest_route=\/wp\/v2\/pages\/252","targetHints":{"allow":["GET"]}}],"collection":[{"href":"https:\/\/helenecourtonne.fr\/index.php?rest_route=\/wp\/v2\/pages"}],"about":[{"href":"https:\/\/helenecourtonne.fr\/index.php?rest_route=\/wp\/v2\/types\/page"}],"author":[{"embeddable":true,"href":"https:\/\/helenecourtonne.fr\/index.php?rest_route=\/wp\/v2\/users\/1"}],"replies":[{"embeddable":true,"href":"https:\/\/helenecourtonne.fr\/index.php?rest_route=%2Fwp%2Fv2%2Fcomments&post=252"}],"version-history":[{"count":20,"href":"https:\/\/helenecourtonne.fr\/index.php?rest_route=\/wp\/v2\/pages\/252\/revisions"}],"predecessor-version":[{"id":1695,"href":"https:\/\/helenecourtonne.fr\/index.php?rest_route=\/wp\/v2\/pages\/252\/revisions\/1695"}],"wp:attachment":[{"href":"https:\/\/helenecourtonne.fr\/index.php?rest_route=%2Fwp%2Fv2%2Fmedia&parent=252"}],"curies":[{"name":"wp","href":"https:\/\/api.w.org\/{rel}","templated":true}]}}