{"id":988,"date":"2020-10-10T11:42:57","date_gmt":"2020-10-10T11:42:57","guid":{"rendered":"http:\/\/demosdivi.lovelyconfetti.com\/meryl\/?page_id=988"},"modified":"2024-02-02T14:28:56","modified_gmt":"2024-02-02T13:28:56","slug":"privacy-policy","status":"publish","type":"page","link":"https:\/\/helenecourtonne.fr\/?page_id=988","title":{"rendered":"Politique de confidentialit\u00e9"},"content":{"rendered":"\n[et_pb_section fb_built=&#8221;1&#8243; _builder_version=&#8221;4.16&#8243; global_colors_info=&#8221;{}&#8221;][et_pb_row _builder_version=&#8221;4.16&#8243; background_size=&#8221;initial&#8221; background_position=&#8221;top_left&#8221; background_repeat=&#8221;repeat&#8221; global_colors_info=&#8221;{}&#8221;][et_pb_column type=&#8221;4_4&#8243; _builder_version=&#8221;4.16&#8243; custom_padding=&#8221;|||&#8221; global_colors_info=&#8221;{}&#8221; custom_padding__hover=&#8221;|||&#8221;][et_pb_text _builder_version=&#8221;4.20.2&#8243; background_size=&#8221;initial&#8221; background_position=&#8221;top_left&#8221; background_repeat=&#8221;repeat&#8221; hover_enabled=&#8221;0&#8243; global_colors_info=&#8221;{}&#8221; sticky_enabled=&#8221;0&#8243;]<h1><strong>Politique de confidentialit\u00e9<\/strong><\/h1>\n<p style=\"text-align: justify;\">Cette politique est un accord juridiquement entre vous \u00ab Utilisateur \u00bb et cet op\u00e9rateur de site Web. En acc\u00e9dant et en utilisant le site Web <a href=\"http:\/\/www.helenecourtonne.fr\"><i>www.helenecourtonne.fr <\/i><\/a>et ses services, vous reconnaissez que vous avez lu, compris et accept\u00e9 d&#8217;\u00eatre li\u00e9 par les termes du pr\u00e9sent accord.<\/p>\n<p style=\"text-align: justify;\">\n<p style=\"text-align: justify;\"><strong><i>Qui sommes nous ?<\/i><\/strong><\/p>\n<p style=\"text-align: justify;\">\u00a0Cette section est consacr\u00e9e \u00e0 la protection de vos donn\u00e9es priv\u00e9es sur le site <a href=\"http:\/\/www.helenecourtonne.fr\"><i>www.helenecourtonne.fr<\/i><\/a><b><i> <\/i><\/b>\u00e9dit\u00e9 par H\u00e9l\u00e8ne Courtonne, immatricul\u00e9e sous le num\u00e9ro Siren 825 186166 et dont le si\u00e8ge social est situ\u00e9 <i>28 route de Sacquenville, 27930 Aviron<\/i>.<\/p>\n<p style=\"text-align: justify;\">\u00a0H\u00e9l\u00e8ne Courtonne s\u2019engage \u00e0 prot\u00e9ger vos donn\u00e9es priv\u00e9es telles que vos noms, adresses, num\u00e9ros de t\u00e9l\u00e9phone, conform\u00e9ment au r\u00e8glement europ\u00e9en <i>#2016\/679<\/i> ou <i>R\u00e8glement G\u00e9n\u00e9ral sur la Protection des Donn\u00e9es<\/i> (<i>RGPD<\/i>) applicable depuis mai 2018.<\/p>\n<p style=\"text-align: justify;\">\n<p style=\"text-align: justify;\"><strong>Utilisation des donn\u00e9es personnelles collect\u00e9es.<\/strong><\/p>\n<p style=\"text-align: justify;\"><strong><i><\/i><\/strong><\/p>\n<p style=\"text-align: justify;\"><strong><i>Commentaires<\/i><\/strong><\/p>\n<p style=\"text-align: justify;\">\u00a0Quand vous laissez un commentaire sur mon site web les donn\u00e9es inscrites dans le formulaire de commentaires, ainsi que votre adresse IP et l\u2019agent utilisateur de votre navigateur sont collect\u00e9es pour m\u2019aider \u00e0 la d\u00e9tection des commentaires ind\u00e9sirables et\/ou malveillants.<\/p>\n<p style=\"text-align: justify;\">\u00a0Une cha\u00eene anonymis\u00e9e cr\u00e9\u00e9e \u00e0 partir de votre adresse de messagerie peut \u00eatre envoy\u00e9e au service Gravatar pour v\u00e9rifier si vous utilisez ce dernier. Vous pouvez trouver les clauses de confidentialit\u00e9 du service Gravatar ici : <a href=\"https:\/\/automattic.com\/privacy\/\">https:\/\/automattic.com\/privacy\/<\/a>. Apr\u00e8s validation de votre commentaire, votre photo de profil apparaitra de mani\u00e8re publique \u00e0 cot\u00e9 de votre commentaire.<\/p>\n<p style=\"text-align: justify;\"><strong><i>M\u00e9dias<\/i><\/strong><\/p>\n<p style=\"text-align: justify;\">Si vous \u00eates un utilisateur enregistr\u00e9 et que vous t\u00e9l\u00e9versez des images sur le site web, je vous conseille d\u2019\u00e9viter de t\u00e9l\u00e9viser des \u00e9l\u00e9ments contenants des donn\u00e9es EXIF de coordonn\u00e9es GPS. Les visiteurs du site web peuvent t\u00e9l\u00e9charger et extraire des donn\u00e9es de localisation depuis ces images.<\/p>\n<p style=\"text-align: justify;\"><strong>\u00a0<i>Formulaire de contact<\/i><\/strong><\/p>\n<p style=\"text-align: justify;\">Si vous d\u00e9cidez de m\u2019envoyer un e-mail via le \u00ab\u00a0Formulaire de contact\u00a0\u00bb, les informations transmirent dans celui-ci seront trait\u00e9es par moi pour r\u00e9pondre au mieux \u00e0 votre demande. Aucune information de votre message ne sera transmise \u00e0 un tiers, ces \u00e9l\u00e9ments sont r\u00e9serv\u00e9s \u00e0 un usage purement administratif de ma part.<\/p>\n<p style=\"text-align: justify;\"><i><\/i><\/p>\n<p style=\"text-align: justify;\"><strong><i>Cookies<\/i><\/strong><\/p>\n<p style=\"text-align: justify;\">\u00a0Si vous d\u00e9posez un commentaire sur mon site web <a href=\"http:\/\/www.helenecourtonne.fr\"><i>www.helenecourtonne.fr <\/i><\/a>il vous sera propos\u00e9 d\u2019enregistrer votre nom, adresse de messagerie et site web dans les cookies. Ce processus est mis en place uniquement pour que vous n\u2019ayez pas \u00e0 saisir de nouveau ces informations en cas de futur nouveau commentaire de votre part plus tard. Ces cookies explorant automatiquement au bout d\u2019un an.<\/p>\n<p style=\"text-align: justify;\">Si vous avez un compte et que vous vous connectez sur ce site, un cookie temporaire sera cr\u00e9\u00e9 pour d\u00e9terminer si votre navigateur accepte les cookies. Celui-ci ne contient pas de donn\u00e9es personnelles et sera supprim\u00e9 automatiquement \u00e0 la fermeture de votre navigateur.<\/p>\n<p style=\"text-align: justify;\">\u00a0Lorsque vous vous connectez, nous mettrons en place un certain nombre de cookies pour enregistrer vos informations de connexion et vos pr\u00e9f\u00e9rences d\u2019\u00e9cran. La dur\u00e9e de vie d\u2019un cookie de connexion est de deux jours et celle d\u2019un cookie d\u2019option d\u2019\u00e9cran est de un an. Toutefois, si vous cochez la case \u00ab\u00a0Se souvenir de moi\u00a0\u00bb alors votre cookie sera conserv\u00e9 pendant deux semaines. Lorsque vous vous d\u00e9connectez de votre compte, le cookie de connexion sera effac\u00e9.<\/p>\n<p style=\"text-align: justify;\"><i><\/i><\/p>\n<p style=\"text-align: justify;\"><strong><i>Contenu embarqu\u00e9 depuis d\u2019autres sites web<\/i><\/strong><\/p>\n<p style=\"text-align: justify;\">Les articles de ce site web <a href=\"http:\/\/www.helenecourtonne.fr\"><span>www.helenecourtonne.fr<\/span><\/a><i> <\/i>peuvent inclurent des contenus int\u00e9gr\u00e9s (vid\u00e9os, images, articles\u2026). Le contenu int\u00e9gr\u00e9 depuis d\u2019autres sites se comporte de la m\u00eame mani\u00e8re que si le visiteur se rendait sur cet autre site.<\/p>\n<p style=\"text-align: justify;\">Ces sites web pourraient collecter des donn\u00e9es sur vous, utiliser des cookies, embarquer des outils de suivis tiers, suivre vos interactions avec ces contenus embarqu\u00e9s si vous disposez d\u2019un compte connect\u00e9 sur leur site web.<\/p>\n<p style=\"text-align: justify;\">\u00a0<strong><i>Statistiques et mesure d\u2019audience<\/i><\/strong><\/p>\n<p style=\"text-align: justify;\">Lorsque vous vous connectez \u00e0 ce site web <span><i><a href=\"http:\/\/www.helenecourtonne.fr\">www.helenecourtonne.fr<\/a>,<\/i><\/span> nous pouvons collecter les pages de celui-ci et des Services que vous visitez, le temps pass\u00e9 sur ces pages, les informations que vous recherchez sur le site Web, les heures et dates d&#8217;acc\u00e8s et d&#8217;autres statistiques.<\/p>\n<p style=\"text-align: justify;\">Les informations collect\u00e9es automatiquement sont utilis\u00e9es uniquement pour identifier les cas potentiels d&#8217;abus et \u00e9tablir des informations statistiques concernant l&#8217;utilisation et le trafic du Site Web <a href=\"http:\/\/www.helenecourtonne.fr\"><span><i>www.helenecourtonne.fr<\/i><\/span><\/a>. Ces informations statistiques ne sont pas regroup\u00e9es de mani\u00e8re \u00e0 identifier un utilisateur particulier du syst\u00e8me.<\/p>\n<p style=\"text-align: justify;\">\n<p style=\"text-align: justify;\"><strong><i>Utilisation et transmission de vos donn\u00e9es personnelles<\/i><\/strong><\/p>\n<p style=\"text-align: justify;\"><strong><i><\/i><\/strong><\/p>\n<p style=\"text-align: justify;\"><strong><i>Dur\u00e9es de stockage de vos donn\u00e9es<\/i><\/strong><\/p>\n<p style=\"text-align: justify;\">\u00a0Si vous laissez un commentaire, celui-ci et ses m\u00e9tadonn\u00e9es sont conserv\u00e9es ind\u00e9finiment. Cela permet de reconna\u00eetre et approuver automatiquement les commentaires suivants au lieu de les laisser dans la file de mod\u00e9ration.<\/p>\n<p style=\"text-align: justify;\"><strong><i>Les droits que vous avez sur vos donn\u00e9es<\/i><\/strong><\/p>\n<p style=\"text-align: justify;\">Si vous avec un compte ou si vous avez laiss\u00e9 un\/des commentaire(s) sur mon site, vous pouvez demander \u00e0 recevoir un fichier contenant toutes les informations personnelles que nous poss\u00e9dons vous concernant. Vous avez \u00e9galement le droit de demander la suppression des donn\u00e9es personnelles \u00e0 votre sujet. Cela ne prend pas en compte les donn\u00e9es stock\u00e9es \u00e0 des fins administratives, l\u00e9gales ou pour des raisons de s\u00e9curit\u00e9.<\/p>\n<p style=\"text-align: justify;\"><strong><i>Transmission de vos donn\u00e9es personnelles<\/i><\/strong><\/p>\n<p style=\"text-align: justify;\">\u00a0Les commentaires des visiteurs peuvent \u00eatre v\u00e9rifi\u00e9s \u00e0 l\u2019aide d\u2019un service automatis\u00e9 de d\u00e9tection des commentaires ind\u00e9sirables.<\/p>\n<p>&nbsp;<\/p>\n<p>&nbsp;<\/p>[\/et_pb_text][\/et_pb_column][\/et_pb_row][\/et_pb_section]\n","protected":false},"excerpt":{"rendered":"<p>Politique de confidentialit\u00e9 Cette politique est un accord juridiquement entre vous \u00ab Utilisateur \u00bb et cet op\u00e9rateur de site Web. En acc\u00e9dant et en utilisant le site Web www.helenecourtonne.fr et ses services, vous reconnaissez que vous avez lu, compris et accept\u00e9 d&#8217;\u00eatre li\u00e9 par les termes du pr\u00e9sent accord. Qui sommes nous ? \u00a0Cette section [&hellip;]<\/p>\n","protected":false},"author":1,"featured_media":0,"parent":0,"menu_order":0,"comment_status":"closed","ping_status":"closed","template":"","meta":{"_et_pb_use_builder":"on","_et_pb_old_content":"<h1><strong>Privacy policy<\/strong><\/h1>\nThis privacy policy (\"Policy\") describes how the personally identifiable information (\"Personal Information\") you may provide on the <a href=\"https:\/\/lovelyconfetti.com\" target=\"_blank\" rel=\"nofollow noopener noreferrer\">lovelyconfetti.com<\/a> website (\"Website\" or \"Service\") and any of its related products and services (collectively, \"Services\") is collected, protected and used. It also describes the choices available to you regarding our use of your Personal Information and how you can access and update this information. This Policy is a legally binding agreement between you (\"User\", \"you\" or \"your\") and this Website operator (\"Operator\", \"we\", \"us\" or \"our\"). By accessing and using the Website and Services, you acknowledge that you have read, understood, and agree to be bound by the terms of this Agreement. This Policy does not apply to the practices of companies that we do not own or control, or to individuals that we do not employ or manage.\n<h2><\/h2>\n<h2><strong>1. Automatic collection of information<\/strong><\/h2>\nWhen you open the Website, our servers automatically record information that your browser sends. This data may include information such as your device's IP address, browser type and version, operating system type and version, language preferences or the webpage you were visiting before you came to the Website and Services, pages of the Website and Services that you visit, the time spent on those pages, information you search for on the Website, access times and dates, and other statistics.\n\nInformation collected automatically is used only to identify potential cases of abuse and establish statistical information regarding the usage and traffic of the Website and Services. This statistical information is not otherwise aggregated in such a way that would identify any particular user of the system.\n<h2><\/h2>\n<h2><strong>2. Collection of personal information<\/strong><\/h2>\nYou can access and use the Website and Services without telling us who you are or revealing any information by which someone could identify you as a specific, identifiable individual. If, however, you wish to use some of the features on the Website, you may be asked to provide certain Personal Information (for example, your name and e-mail address). We receive and store any information you knowingly provide to us when you create an account, publish content, or fill any online forms on the Website. When required, this information may include the following:\n<ul>\n \t<li>Personal details such as name, country of residence, etc.<\/li>\n \t<li>Geolocation data such as latitude and longitude.<\/li>\n<\/ul>\nSome of the information we collect is directly from you via the Website and Services. However, we may also collect Personal Information about you from other sources such as public databases and our joint marketing partners. You can choose not to provide us with your Personal Information, but then you may not be able to take advantage of some of the features on the Website. Users who are uncertain about what information is mandatory are welcome to contact us.\n<h2><\/h2>\n<h2><strong>3. Use and processing of collected information<\/strong><\/h2>\nIn order to make the Website and Services available to you, or to meet a legal obligation, we need to collect and use certain Personal Information. If you do not provide the information that we request, we may not be able to provide you with the requested products or services. Any of the information we collect from you may be used for the following purposes:\n<ul>\n \t<li>Respond to legal requests and prevent harm<\/li>\n \t<li>Run and operate the Website and Services<\/li>\n<\/ul>\nProcessing your Personal Information depends on how you interact with the Website and Services, where you are located in the world and if one of the following applies: (i) you have given your consent for one or more specific purposes; this, however, does not apply, whenever the processing of Personal Information is subject to European data protection law; (ii) provision of information is necessary for the performance of an agreement with you and\/or for any pre-contractual obligations thereof; (iii) processing is necessary for compliance with a legal obligation to which you are subject; (iv) processing is related to a task that is carried out in the public interest or in the exercise of official authority vested in us; (v) processing is necessary for the purposes of the legitimate interests pursued by us or by a third party.\n\nNote that under some legislations we may be allowed to process information until you object to such processing (by opting out), without having to rely on consent or any other of the following legal bases below. In any case, we will be happy to clarify the specific legal basis that applies to the processing, and in particular whether the provision of Personal Information is a statutory or contractual requirement, or a requirement necessary to enter into a contract.\n<h2><\/h2>\n<h2><strong>4. Disclosure of information<\/strong><\/h2>\nDepending on the requested Services or as necessary to complete any transaction or provide any service you have requested, we may share your information with your consent with our trusted third parties that work with us, any other affiliates and subsidiaries we rely upon to assist in the operation of the Website and Services available to you. We do not share Personal Information with unaffiliated third parties. These service providers are not authorized to use or disclose your information except as necessary to perform services on our behalf or comply with legal requirements. We may share your Personal Information for these purposes only with third parties whose privacy policies are consistent with ours or who agree to abide by our policies with respect to Personal Information. These third parties are given Personal Information they need only in order to perform their designated functions, and we do not authorize them to use or disclose Personal Information for their own marketing or other purposes.\n<h2><\/h2>\n<h2><strong>5. Retention of information<\/strong><\/h2>\nWe will retain and use your Personal Information for the period necessary to comply with our legal obligations, resolve disputes, and enforce our agreements unless a longer retention period is required or permitted by law. We may use any aggregated data derived from or incorporating your Personal Information after you update or delete it, but not in a manner that would identify you personally. Once the retention period expires, Personal Information shall be deleted. Therefore, the right to access, the right to erasure, the right to rectification and the right to data portability cannot be enforced after the expiration of the retention period.\n<h2><\/h2>\n<h2><strong>6. The rights of users<\/strong><\/h2>\nYou may exercise certain rights regarding your information processed by us. In particular, you have the right to do the following: (i) you have the right to withdraw consent where you have previously given your consent to the processing of your information; (ii) you have the right to object to the processing of your information if the processing is carried out on a legal basis other than consent; (iii) you have the right to learn if information is being processed by us, obtain disclosure regarding certain aspects of the processing and obtain a copy of the information undergoing processing; (iv) you have the right to verify the accuracy of your information and ask for it to be updated or corrected; (v) you have the right, under certain circumstances, to restrict the processing of your information, in which case, we will not process your information for any purpose other than storing it; (vi) you have the right, under certain circumstances, to obtain the erasure of your Personal Information from us; (vii) you have the right to receive your information in a structured, commonly used and machine readable format and, if technically feasible, to have it transmitted to another controller without any hindrance. This provision is applicable provided that your information is processed by automated means and that the processing is based on your consent, on a contract which you are part of or on pre-contractual obligations thereof.\n<h2><\/h2>\n<h2><strong>7. Privacy of children<\/strong><\/h2>\nWe do not knowingly collect any Personal Information from children under the age of 18. If you are under the age of 18, please do not submit any Personal Information through the Website and Services. We encourage parents and legal guardians to monitor their children's Internet usage and to help enforce this Policy by instructing their children never to provide Personal Information through the Website and Services without their permission. If you have reason to believe that a child under the age of 18 has provided Personal Information to us through the Website and Services, please contact us. You must also be old enough to consent to the processing of your Personal Information in your country (in some countries we may allow your parent or guardian to do so on your behalf).\n<h2><\/h2>\n<h2><strong>8. Cookies<\/strong><\/h2>\nThe Website and Services use \"cookies\" to help personalize your online experience. A cookie is a text file that is placed on your hard disk by a web page server. Cookies cannot be used to run programs or deliver viruses to your computer. Cookies are uniquely assigned to you, and can only be read by a web server in the domain that issued the cookie to you.\n\nWe may use cookies to collect, store, and track information for statistical purposes to operate the Website and Services. You have the ability to accept or decline cookies. Most web browsers automatically accept cookies, but you can usually modify your browser setting to decline cookies if you prefer. To learn more about cookies and how to manage them, visit <a href=\"https:\/\/www.internetcookies.org\" target=\"_blank\" rel=\"noopener noreferrer\">internetcookies.org<\/a>\n<h2><\/h2>\n<h2><strong>9. Do Not Track signals<\/strong><\/h2>\nSome browsers incorporate a Do Not Track feature that signals to websites you visit that you do not want to have your online activity tracked. Tracking is not the same as using or collecting information in connection with a website. For these purposes, tracking refers to collecting personally identifiable information from consumers who use or visit a website or online service as they move across different websites over time. The Website and Services do not track its visitors over time and across third party websites. However, some third party sites may keep track of your browsing activities when they serve you content, which enables them to tailor what they present to you.\n<h2><\/h2>\n<h2><strong>10. Email marketing<\/strong><\/h2>\nWe offer electronic newsletters to which you may voluntarily subscribe at any time. We are committed to keeping your e-mail address confidential and will not disclose your email address to any third parties except as allowed in the information use and processing section or for the purposes of utilizing a third party provider to send such emails. We will maintain the information sent via e-mail in accordance with applicable laws and regulations.\n\nIn compliance with the CAN-SPAM Act, all e-mails sent from us will clearly state who the e-mail is from and provide clear information on how to contact the sender. You may choose to stop receiving our newsletter or marketing emails by following the unsubscribe instructions included in these emails or by contacting us. However, you will continue to receive essential transactional emails.\n<h2><\/h2>\n<h2><strong>11. Links to other resources<\/strong><\/h2>\nThe Website and Services contain links to other resources that are not owned or controlled by us. Please be aware that we are not responsible for the privacy practices of such other resources or third parties. We encourage you to be aware when you leave the Website and Services and to read the privacy statements of each and every resource that may collect Personal Information.\n<h2><\/h2>\n<h2><strong>12. Information security<\/strong><\/h2>\nWe secure information you provide on computer servers in a controlled, secure environment, protected from unauthorized access, use, or disclosure. We maintain reasonable administrative, technical, and physical safeguards in an effort to protect against unauthorized access, use, modification, and disclosure of Personal Information in its control and custody. However, no data transmission over the Internet or wireless network can be guaranteed. Therefore, while we strive to protect your Personal Information, you acknowledge that (i) there are security and privacy limitations of the Internet which are beyond our control; (ii) the security, integrity, and privacy of any and all information and data exchanged between you and the Website and Services cannot be guaranteed; and (iii) any such information and data may be viewed or tampered with in transit by a third party, despite best efforts.\n<h2><\/h2>\n<h2><strong>13. Data breach<\/strong><\/h2>\nIn the event we become aware that the security of the Website and Services has been compromised or users Personal Information has been disclosed to unrelated third parties as a result of external activity, including, but not limited to, security attacks or fraud, we reserve the right to take reasonably appropriate measures, including, but not limited to, investigation and reporting, as well as notification to and cooperation with law enforcement authorities. In the event of a data breach, we will make reasonable efforts to notify affected individuals if we believe that there is a reasonable risk of harm to the user as a result of the breach or if notice is otherwise required by law. When we do, we will send you an email.\n<h2><\/h2>\n<h2><strong>14. Changes and amendments<\/strong><\/h2>\nWe reserve the right to modify this Policy or its terms relating to the Website and Services from time to time in our discretion and will notify you of any material changes to the way in which we treat Personal Information. When we do, we will send you an email to notify you. We may also provide notice to you in other ways in our discretion, such as through contact information you have provided. Any updated version of this Policy will be effective immediately upon the posting of the revised Policy unless otherwise specified. Your continued use of the Website and Services after the effective date of the revised Policy (or such other act specified at that time) will constitute your consent to those changes. However, we will not, without your consent, use your Personal Information in a manner materially different than what was stated at the time your Personal Information was collected. Policy was created with <a style=\"color: inherit;\" href=\"https:\/\/www.websitepolicies.com\/privacy-policy-generator\" target=\"_blank\" rel=\"noopener noreferrer\">WebsitePolicies<\/a>.\n<h2><\/h2>\n<h2><strong>15. Acceptance of this policy<\/strong><\/h2>\nYou acknowledge that you have read this Policy and agree to all its terms and conditions. By accessing and using the Website and Services you agree to be bound by this Policy. If you do not agree to abide by the terms of this Policy, you are not authorized to access or use the Website and Services.\n<h2><\/h2>\n<h2><strong>16. Contacting us<\/strong><\/h2>\nIf you would like to contact us to understand more about this Policy or wish to contact us concerning any matter relating to individual rights and your Personal Information, you may do so via the <a href=\"https:\/\/lovelyconfetti.com\/contact\" target=\"_blank\" rel=\"nofollow noopener noreferrer\">contact form<\/a>\n\nThis document was last updated on October 10, 2020","_et_gb_content_width":"","_monsterinsights_skip_tracking":false,"_monsterinsights_sitenote_active":false,"_monsterinsights_sitenote_note":"","_monsterinsights_sitenote_category":0,"footnotes":""},"class_list":["post-988","page","type-page","status-publish","hentry"],"aioseo_notices":[],"_links":{"self":[{"href":"https:\/\/helenecourtonne.fr\/index.php?rest_route=\/wp\/v2\/pages\/988","targetHints":{"allow":["GET"]}}],"collection":[{"href":"https:\/\/helenecourtonne.fr\/index.php?rest_route=\/wp\/v2\/pages"}],"about":[{"href":"https:\/\/helenecourtonne.fr\/index.php?rest_route=\/wp\/v2\/types\/page"}],"author":[{"embeddable":true,"href":"https:\/\/helenecourtonne.fr\/index.php?rest_route=\/wp\/v2\/users\/1"}],"replies":[{"embeddable":true,"href":"https:\/\/helenecourtonne.fr\/index.php?rest_route=%2Fwp%2Fv2%2Fcomments&post=988"}],"version-history":[{"count":3,"href":"https:\/\/helenecourtonne.fr\/index.php?rest_route=\/wp\/v2\/pages\/988\/revisions"}],"predecessor-version":[{"id":1406,"href":"https:\/\/helenecourtonne.fr\/index.php?rest_route=\/wp\/v2\/pages\/988\/revisions\/1406"}],"wp:attachment":[{"href":"https:\/\/helenecourtonne.fr\/index.php?rest_route=%2Fwp%2Fv2%2Fmedia&parent=988"}],"curies":[{"name":"wp","href":"https:\/\/api.w.org\/{rel}","templated":true}]}}